{"id":6191,"date":"2021-11-05T09:53:44","date_gmt":"2021-11-05T07:53:44","guid":{"rendered":"https:\/\/chakrashop.ro\/?page_id=6191"},"modified":"2021-11-05T09:53:45","modified_gmt":"2021-11-05T07:53:45","slug":"politica-cookies","status":"publish","type":"page","link":"https:\/\/chakrashop.ro\/hu\/politica-cookies\/","title":{"rendered":"Politica Cookies"},"content":{"rendered":"<p>Aceast\u0103 politic\u0103 se refer\u0103 la cookie-urile \u0219i paginile web operate de <strong>SCHNEBLI NORBERT P.F.A.<\/strong> cu sediul in Str.Kaffka Margit, nr.2 , CAREI , Jud. Satu Mare, inregistrata la Oficiul Registrului Comertului sub numarul J30\/112\/2019 utilizatorilor magazinului online chakrashop.ro,<\/p>\n\n\n\n<p>Format, de regul\u0103, din litere \u0219i cifre, un coockie* este un fi\u0219ier de mici dimensiuni care se descarc\u0103 automat \u00een memoria unui device (PC, laptop, smartphone, tablet\u0103, etc.) folosit in navigarea pe internet, \u00een momentul \u00een care utilizatorul acceseaz\u0103 anumite website-uri.<\/p>\n\n\n\n<p>*Un coockie este complet \u201epasiv\u201d, nu con\u021bine viru\u0219i sau programe software \u0219i nu are capacitatea de a accesa informa\u021biile hard drive-ului t\u0103u.<\/p>\n\n\n\n<h3>Care este rolul cookie-urilor?<\/h3>\n\n\n\n<p>Cookie-urile au rorul de a anun\u021ba un website dac\u0103 utilizatorii revin pe site. Atunci c\u00e2nd utilizatorii acceseaz\u0103 un site pentru prima dat\u0103 (de pe un browser de navigare pe internet), website-ul transmite informa\u021bii c\u0103tre browser, acesta cre\u00e2nd un fi\u0219ier text. \u00cen momentul revenirii unui utilizator pe website-ul respectiv, browser-ul transmite acest fi\u0219ier creat c\u0103tre site-ul web.<\/p>\n\n\n\n<h3>Alte roluri ale cookie-urilor:<\/h3>\n\n\n\n<ul><li>asigurarea unei interac\u021biuni rapide \u0219i facile \u00eentre utilizatori \u0219i website;<\/li><li>realuarea activit\u0103\u021bilor anterioare cu u\u0219urin\u021b\u0103 \u00een momentul reacces\u0103rii site-ului de c\u0103tre utilizatori;<\/li><li>recunoa\u0219terea noilor vizitatori ai website-ului;<\/li><li>p\u0103strarea numelui de utilizator \u0219i parolei \u00een cazul \u00een care sunte\u021bi \u00eenregistrat;<\/li><li>\u00eembun\u0103t\u0103\u021birea website-ului ;<\/li><li>dezvoltarea unei mai bune \u00een\u021belegeri alte nevoilor clien\u021bilor site-ului web;<\/li><\/ul>\n\n\n\n<p>V\u0103 asigur\u0103m c\u0103 tipurile de cookie pe care chakrashop.ro le folose\u0219te sunt fun\u021bionale, esen\u021biale, de sesiune \u0219i nu \u00een ultimul r\u00e2nd, performante.<\/p>\n\n\n\n<h3>Cum se pot controla aceste cookie-uri?<\/h3>\n\n\n\n<p>Controlarea sau dezactivarea cookie-urilor este posibil\u0103 \u0219i depinde de tipul de modul cookie. Browserul de navigare pe internet ofer\u0103 aceast\u0103 posibilitate utilizatorilor.<\/p>\n\n\n\n<p>Dac\u0103 dori\u021bi s\u0103 afla\u021bi mai multe detalii despre activarea\/dezactivarea acestor module cookie, precum \u0219i despre \u0219tergerea acestora, v\u0103 invit\u0103m s\u0103 accesa\u021bi urm\u0103toarea pagin\u0103: http:\/\/www.allaboutcookies.org.<\/p>\n\n\n\n<p>Unele browsere permit utilizatorilor s\u0103 nu mai fie urm\u0103ri\u021bi \u00een timpul navig\u0103rii prin fun\u021bia \u201eNu mai Urmari\u201d. Exit\u0103 posibilitatea de a bloca anumite func\u021bionalit\u0103\u021bi ale website-ului nostru prin folosirea acestui modul, precum \u0219i blocarea cookie-urilor.<\/p>\n\n\n\n<p>\u021aine\u021bi cont c\u0103 dezactiv\u00e2nd cookie-urile, exist\u0103 posibilitatea ca navigarea pe anumite site-uri web s\u0103 fie dificil\u0103 sau chiar imposibil de practicat. \u00cen acela\u0219i timp, experien\u021ba de navigare nu va mai fi pl\u0103cut\u0103 \u0219i nu ve\u021bi avea posibilitatea s\u0103 profita\u021bi de toate beneficiile website-ului.<\/p>\n\n\n\n<p>Set\u0103rile cu privire la cookie-uri pot fi schimbate. Acestea se reg\u0103sesc, de obicei, \u00een meniul \u201eAjutor\u201d, \u201eOp\u021biuni\u201d sau \u201ePreferin\u021be\u201d din browsere.<\/p>\n\n\n\n<p>Importan\u021ba cookie-urilor (care nu necesita autentificarea unui utilizator prin intermediul unui cont):<\/p>\n\n\n\n<ul><li>con\u021binut \u0219i servicii adaptate \u00een func\u021bie de preferin\u021bele \u0219i interesele utilizatorilor\u2013 categorii de produse si servicii.<\/li><li>oferte adaptate pe interesele utilizatorilor \u2013 re\u021binerea parolelor.<\/li><li>re\u021binerea filtrelor ce protejeaz\u0103 copiii cu privire la con\u021binutul de pe Internet (op\u021biuni family mode,func\u021bii de safe search).<\/li><li>limitarea frecven\u021bei de difuzare a reclamelor \u2013num\u0103r limitat de afi\u0219\u0103ri ale unei reclame, pentru un anumit utilizator de pe un site.<\/li><li>furnizarea de publicitate relevant\u0103 pentru interesele utilizatorilor.<\/li><li>optimizarea, m\u0103surarea \u0219i caracteristicile de analytics \u2013 de exemplu, ce tip de con\u021binut este vizualizat \u0219i modul \u00een care un utilizator ajunge pe un website (ex. prin motoare de c\u0103utare, direct, din alte site-uri web, \u0219.a.m.d.) sau confirmarea unui anumit nivel de trafic pe un website. Website-urile deruleaza aceste analize ale utilizarii lor pentru a imbun\u0103t\u0103\u021bi site-urile \u00een favoarea vizitatorilor \u0219i a utilizatorilor.<\/li><\/ul>\n\n\n\n<p>Mai multe informa\u021bii pute\u021bi afla acces\u00e2nd urm\u0103toarele site-uri web:<\/p>\n\n\n\n<p><a href=\"http:\/\/www.youronlinechoices.com\/ro\/\" target=\"_blank\" rel=\"noreferrer noopener\">http:\/\/www.youronlinechoices.c&#8230;<\/a><br><a href=\"https:\/\/www.allaboutcookies.org\/verify\" target=\"_blank\" rel=\"noreferrer noopener\">http:\/\/www.allaboutcookies.org&#8230;<\/a><\/p>\n\n\n\n<p><\/p>","protected":false},"excerpt":{"rendered":"<p>Aceast\u0103 politic\u0103 se refer\u0103 la cookie-urile \u0219i paginile web operate de SCHNEBLI NORBERT P.F.A. cu sediul in Str.Kaffka Margit, nr.2 , CAREI , Jud. Satu Mare, inregistrata la Oficiul Registrului Comertului sub numarul J30\/112\/2019 utilizatorilor magazinului online chakrashop.ro, Format, de regul\u0103, din litere \u0219i cifre, un coockie* este un fi\u0219ier de mici dimensiuni care se [&hellip;]<\/p>","protected":false},"author":1,"featured_media":0,"parent":0,"menu_order":0,"comment_status":"closed","ping_status":"closed","template":"","meta":[],"_links":{"self":[{"href":"https:\/\/chakrashop.ro\/hu\/wp-json\/wp\/v2\/pages\/6191"}],"collection":[{"href":"https:\/\/chakrashop.ro\/hu\/wp-json\/wp\/v2\/pages"}],"about":[{"href":"https:\/\/chakrashop.ro\/hu\/wp-json\/wp\/v2\/types\/page"}],"author":[{"embeddable":true,"href":"https:\/\/chakrashop.ro\/hu\/wp-json\/wp\/v2\/users\/1"}],"replies":[{"embeddable":true,"href":"https:\/\/chakrashop.ro\/hu\/wp-json\/wp\/v2\/comments?post=6191"}],"version-history":[{"count":1,"href":"https:\/\/chakrashop.ro\/hu\/wp-json\/wp\/v2\/pages\/6191\/revisions"}],"predecessor-version":[{"id":6192,"href":"https:\/\/chakrashop.ro\/hu\/wp-json\/wp\/v2\/pages\/6191\/revisions\/6192"}],"wp:attachment":[{"href":"https:\/\/chakrashop.ro\/hu\/wp-json\/wp\/v2\/media?parent=6191"}],"curies":[{"name":"wp","href":"https:\/\/api.w.org\/{rel}","templated":true}]}}