{"id":5353,"date":"2021-07-29T13:58:42","date_gmt":"2021-07-29T10:58:42","guid":{"rendered":"https:\/\/chakrashop.ro\/product\/5353\/"},"modified":"2022-09-26T14:42:50","modified_gmt":"2022-09-26T11:42:50","slug":"fluorit","status":"publish","type":"product","link":"https:\/\/chakrashop.ro\/hu\/product\/fluorit\/","title":{"rendered":"Fluorit"},"content":{"rendered":"","protected":false},"excerpt":{"rendered":"<p>Tip cristal : Fluorit<br \/>Dimensiune : 15 mm &#8211; 30 mm<br \/>Detalii cristal : Fluorite este un mineral de fluorur\u0103 de calciu g\u0103sit \u00een \u00eentreaga lume. Fluorita vine \u00een mai multe culori.<br \/>Compozi\u021bie chimic\u0103 : CaF2<br \/>Note : Dimensiunea, forma \u0219i culoarea produsului pe care \u00eel ve\u021bi primi poate s\u0103 difere u\u0219or de produsul prezentat \u00een imagine.<\/p>","protected":false},"featured_media":3054,"comment_status":"closed","ping_status":"closed","template":"","meta":[],"product_cat":[69],"product_tag":[],"_links":{"self":[{"href":"https:\/\/chakrashop.ro\/hu\/wp-json\/wp\/v2\/product\/5353"}],"collection":[{"href":"https:\/\/chakrashop.ro\/hu\/wp-json\/wp\/v2\/product"}],"about":[{"href":"https:\/\/chakrashop.ro\/hu\/wp-json\/wp\/v2\/types\/product"}],"replies":[{"embeddable":true,"href":"https:\/\/chakrashop.ro\/hu\/wp-json\/wp\/v2\/comments?post=5353"}],"wp:featuredmedia":[{"embeddable":true,"href":"https:\/\/chakrashop.ro\/hu\/wp-json\/wp\/v2\/media\/3054"}],"wp:attachment":[{"href":"https:\/\/chakrashop.ro\/hu\/wp-json\/wp\/v2\/media?parent=5353"}],"wp:term":[{"taxonomy":"product_cat","embeddable":true,"href":"https:\/\/chakrashop.ro\/hu\/wp-json\/wp\/v2\/product_cat?post=5353"},{"taxonomy":"product_tag","embeddable":true,"href":"https:\/\/chakrashop.ro\/hu\/wp-json\/wp\/v2\/product_tag?post=5353"}],"curies":[{"name":"wp","href":"https:\/\/api.w.org\/{rel}","templated":true}]}}