{"id":5355,"date":"2021-07-29T13:58:43","date_gmt":"2021-07-29T10:58:43","guid":{"rendered":"https:\/\/chakrashop.ro\/product\/5355\/"},"modified":"2021-07-29T13:58:43","modified_gmt":"2021-07-29T10:58:43","slug":"hematit","status":"publish","type":"product","link":"https:\/\/chakrashop.ro\/hu\/product\/hematit\/","title":{"rendered":"Hematit"},"content":{"rendered":"","protected":false},"excerpt":{"rendered":"<p>Tip cristal : Hematit<br \/>Dimensiune : 20 mm &#8211; 35 mm<br \/>Detalii cristal : Hematite este un mineral de oxid de fier g\u0103sit \u00een \u00eentreaga lume.<br \/>Compozi\u021bie chimic\u0103 : Fe2O3<br \/>Note : Dimensiunea, forma \u0219i culoarea produsului pe care \u00eel ve\u021bi primi poate s\u0103 difere u\u0219or de produsul prezentat \u00een imagine.<\/p>","protected":false},"featured_media":5836,"comment_status":"closed","ping_status":"open","template":"","meta":[],"product_cat":[69],"product_tag":[],"_links":{"self":[{"href":"https:\/\/chakrashop.ro\/hu\/wp-json\/wp\/v2\/product\/5355"}],"collection":[{"href":"https:\/\/chakrashop.ro\/hu\/wp-json\/wp\/v2\/product"}],"about":[{"href":"https:\/\/chakrashop.ro\/hu\/wp-json\/wp\/v2\/types\/product"}],"replies":[{"embeddable":true,"href":"https:\/\/chakrashop.ro\/hu\/wp-json\/wp\/v2\/comments?post=5355"}],"wp:featuredmedia":[{"embeddable":true,"href":"https:\/\/chakrashop.ro\/hu\/wp-json\/wp\/v2\/media\/5836"}],"wp:attachment":[{"href":"https:\/\/chakrashop.ro\/hu\/wp-json\/wp\/v2\/media?parent=5355"}],"wp:term":[{"taxonomy":"product_cat","embeddable":true,"href":"https:\/\/chakrashop.ro\/hu\/wp-json\/wp\/v2\/product_cat?post=5355"},{"taxonomy":"product_tag","embeddable":true,"href":"https:\/\/chakrashop.ro\/hu\/wp-json\/wp\/v2\/product_tag?post=5355"}],"curies":[{"name":"wp","href":"https:\/\/api.w.org\/{rel}","templated":true}]}}