{"id":5365,"date":"2021-07-29T14:01:25","date_gmt":"2021-07-29T11:01:25","guid":{"rendered":"https:\/\/chakrashop.ro\/product\/5365\/"},"modified":"2021-07-29T14:01:25","modified_gmt":"2021-07-29T11:01:25","slug":"shamanshaker","status":"publish","type":"product","link":"https:\/\/chakrashop.ro\/hu\/product\/shamanshaker\/","title":{"rendered":"Shamanshaker"},"content":{"rendered":"","protected":false},"excerpt":{"rendered":"<p>Shaman Shaker<br \/>Lungime : aproximativ 30 cm<br \/>Lucrat manual<br \/>Material : piele de vac\u0103, lemn, pene<br \/>Sun\u0103 ca un du\u0219 cu ploaie<br \/>Design tradi\u021bional nativ american<br \/>Medita\u021bia asupra sunetului este o cale universal\u0103 c\u0103tre realizarea de sine, accesibil\u0103 tuturor \u0219i poate fi aplicat\u0103 de oameni de orice religie sau orientare spiritual\u0103.<\/p>","protected":false},"featured_media":5942,"comment_status":"closed","ping_status":"open","template":"","meta":[],"product_cat":[74],"product_tag":[],"_links":{"self":[{"href":"https:\/\/chakrashop.ro\/hu\/wp-json\/wp\/v2\/product\/5365"}],"collection":[{"href":"https:\/\/chakrashop.ro\/hu\/wp-json\/wp\/v2\/product"}],"about":[{"href":"https:\/\/chakrashop.ro\/hu\/wp-json\/wp\/v2\/types\/product"}],"replies":[{"embeddable":true,"href":"https:\/\/chakrashop.ro\/hu\/wp-json\/wp\/v2\/comments?post=5365"}],"wp:featuredmedia":[{"embeddable":true,"href":"https:\/\/chakrashop.ro\/hu\/wp-json\/wp\/v2\/media\/5942"}],"wp:attachment":[{"href":"https:\/\/chakrashop.ro\/hu\/wp-json\/wp\/v2\/media?parent=5365"}],"wp:term":[{"taxonomy":"product_cat","embeddable":true,"href":"https:\/\/chakrashop.ro\/hu\/wp-json\/wp\/v2\/product_cat?post=5365"},{"taxonomy":"product_tag","embeddable":true,"href":"https:\/\/chakrashop.ro\/hu\/wp-json\/wp\/v2\/product_tag?post=5365"}],"curies":[{"name":"wp","href":"https:\/\/api.w.org\/{rel}","templated":true}]}}