{"id":5378,"date":"2021-07-29T13:59:10","date_gmt":"2021-07-29T10:59:10","guid":{"rendered":"https:\/\/chakrashop.ro\/product\/5378\/"},"modified":"2021-07-29T13:59:10","modified_gmt":"2021-07-29T10:59:10","slug":"cristal-de-stanca-geoda1","status":"publish","type":"product","link":"https:\/\/chakrashop.ro\/hu\/product\/cristal-de-stanca-geoda1\/","title":{"rendered":"Cristal de St\u00e2nc\u0103 Geod\u01031"},"content":{"rendered":"","protected":false},"excerpt":{"rendered":"<p>Tip cristal : Cuar\u021b<br \/>Dimensiune : 35 mm &#8211; 45 mm<br \/>Detalii cristal : Geod\u0103 de Quartz este un mineral de dioxid de siliciu apar\u021bin\u00e2nd grupului Quartz \u0219i este, de asemenea, cunoscut sub numele de Rock Crystal.<br \/>Compozi\u021bie chimic\u0103 : SiO2<br \/>Note : Dimensiunea, forma \u0219i culoarea produsului pe care \u00eel ve\u021bi primi poate s\u0103 difere u\u0219or de produsul prezentat \u00een imagine.<\/p>","protected":false},"featured_media":3068,"comment_status":"closed","ping_status":"open","template":"","meta":[],"product_cat":[70],"product_tag":[],"_links":{"self":[{"href":"https:\/\/chakrashop.ro\/hu\/wp-json\/wp\/v2\/product\/5378"}],"collection":[{"href":"https:\/\/chakrashop.ro\/hu\/wp-json\/wp\/v2\/product"}],"about":[{"href":"https:\/\/chakrashop.ro\/hu\/wp-json\/wp\/v2\/types\/product"}],"replies":[{"embeddable":true,"href":"https:\/\/chakrashop.ro\/hu\/wp-json\/wp\/v2\/comments?post=5378"}],"wp:featuredmedia":[{"embeddable":true,"href":"https:\/\/chakrashop.ro\/hu\/wp-json\/wp\/v2\/media\/3068"}],"wp:attachment":[{"href":"https:\/\/chakrashop.ro\/hu\/wp-json\/wp\/v2\/media?parent=5378"}],"wp:term":[{"taxonomy":"product_cat","embeddable":true,"href":"https:\/\/chakrashop.ro\/hu\/wp-json\/wp\/v2\/product_cat?post=5378"},{"taxonomy":"product_tag","embeddable":true,"href":"https:\/\/chakrashop.ro\/hu\/wp-json\/wp\/v2\/product_tag?post=5378"}],"curies":[{"name":"wp","href":"https:\/\/api.w.org\/{rel}","templated":true}]}}