{"id":5380,"date":"2021-07-29T13:59:12","date_gmt":"2021-07-29T10:59:12","guid":{"rendered":"https:\/\/chakrashop.ro\/product\/5380\/"},"modified":"2021-07-29T13:59:12","modified_gmt":"2021-07-29T10:59:12","slug":"cristal-de-stanca-geoda3","status":"publish","type":"product","link":"https:\/\/chakrashop.ro\/hu\/product\/cristal-de-stanca-geoda3\/","title":{"rendered":"Cristal de St\u00e2nc\u0103 Geod\u01033"},"content":{"rendered":"","protected":false},"excerpt":{"rendered":"<p>Tip cristal : Cuar\u021b<br \/>Dimensiune : 60 mm &#8211; 75 mm<br \/>Detalii cristal : Geod\u0103 ne\u00eentrerupt\u0103. Cuar\u021bul este un mineral de dioxid de siliciu apar\u021bin\u00e2nd grupului Quartz \u0219i este, de asemenea, cunoscut sub numele de Rock Crystal.<br \/>Compozi\u021bie chimic\u0103 : SiO2<br \/>Note : Dimensiunea, forma \u0219i culoarea produsului pe care \u00eel ve\u021bi primi poate s\u0103 difere u\u0219or de produsul prezentat \u00een imagine.<\/p>","protected":false},"featured_media":3072,"comment_status":"closed","ping_status":"open","template":"","meta":[],"product_cat":[70],"product_tag":[],"_links":{"self":[{"href":"https:\/\/chakrashop.ro\/hu\/wp-json\/wp\/v2\/product\/5380"}],"collection":[{"href":"https:\/\/chakrashop.ro\/hu\/wp-json\/wp\/v2\/product"}],"about":[{"href":"https:\/\/chakrashop.ro\/hu\/wp-json\/wp\/v2\/types\/product"}],"replies":[{"embeddable":true,"href":"https:\/\/chakrashop.ro\/hu\/wp-json\/wp\/v2\/comments?post=5380"}],"wp:featuredmedia":[{"embeddable":true,"href":"https:\/\/chakrashop.ro\/hu\/wp-json\/wp\/v2\/media\/3072"}],"wp:attachment":[{"href":"https:\/\/chakrashop.ro\/hu\/wp-json\/wp\/v2\/media?parent=5380"}],"wp:term":[{"taxonomy":"product_cat","embeddable":true,"href":"https:\/\/chakrashop.ro\/hu\/wp-json\/wp\/v2\/product_cat?post=5380"},{"taxonomy":"product_tag","embeddable":true,"href":"https:\/\/chakrashop.ro\/hu\/wp-json\/wp\/v2\/product_tag?post=5380"}],"curies":[{"name":"wp","href":"https:\/\/api.w.org\/{rel}","templated":true}]}}