{"id":5385,"date":"2021-07-29T13:59:15","date_gmt":"2021-07-29T10:59:15","guid":{"rendered":"https:\/\/chakrashop.ro\/product\/5385\/"},"modified":"2022-10-07T10:40:04","modified_gmt":"2022-10-07T07:40:04","slug":"turmalina-neagra","status":"publish","type":"product","link":"https:\/\/chakrashop.ro\/hu\/product\/turmalina-neagra\/","title":{"rendered":"Turmalin\u0103 Neagr\u0103"},"content":{"rendered":"","protected":false},"excerpt":{"rendered":"<p>Tip cristal : Turmalin\u0103 neagr\u0103<br \/>\nDimensiune : 45 mm &#8211; 55 mm<br \/>\nDetalii cristal : Turmalina neagr\u0103, de asemenea, cunoscut\u0103 sub numele de Schorl este un complex de aluminiu de sodiu boro-silicat hidroxid \u00een grupul Tourmaline.<br \/>\nCompozi\u021bie chimic\u0103 : NaFe3(Al,Fe)6Si6O18(BO3)3(OH)4<br \/>\nNote : Dimensiunea, forma \u0219i culoarea produsului pe care \u00eel ve\u021bi primi poate s\u0103 difere u\u0219or de produsul prezentat \u00een imagine.\/&gt;<\/p>","protected":false},"featured_media":3082,"comment_status":"closed","ping_status":"closed","template":"","meta":[],"product_cat":[70],"product_tag":[],"_links":{"self":[{"href":"https:\/\/chakrashop.ro\/hu\/wp-json\/wp\/v2\/product\/5385"}],"collection":[{"href":"https:\/\/chakrashop.ro\/hu\/wp-json\/wp\/v2\/product"}],"about":[{"href":"https:\/\/chakrashop.ro\/hu\/wp-json\/wp\/v2\/types\/product"}],"replies":[{"embeddable":true,"href":"https:\/\/chakrashop.ro\/hu\/wp-json\/wp\/v2\/comments?post=5385"}],"wp:featuredmedia":[{"embeddable":true,"href":"https:\/\/chakrashop.ro\/hu\/wp-json\/wp\/v2\/media\/3082"}],"wp:attachment":[{"href":"https:\/\/chakrashop.ro\/hu\/wp-json\/wp\/v2\/media?parent=5385"}],"wp:term":[{"taxonomy":"product_cat","embeddable":true,"href":"https:\/\/chakrashop.ro\/hu\/wp-json\/wp\/v2\/product_cat?post=5385"},{"taxonomy":"product_tag","embeddable":true,"href":"https:\/\/chakrashop.ro\/hu\/wp-json\/wp\/v2\/product_tag?post=5385"}],"curies":[{"name":"wp","href":"https:\/\/api.w.org\/{rel}","templated":true}]}}