{"id":5386,"date":"2021-07-29T13:59:15","date_gmt":"2021-07-29T10:59:15","guid":{"rendered":"https:\/\/chakrashop.ro\/product\/5386\/"},"modified":"2023-09-19T14:27:57","modified_gmt":"2023-09-19T11:27:57","slug":"cercei-ohm","status":"publish","type":"product","link":"https:\/\/chakrashop.ro\/hu\/product\/cercei-ohm\/","title":{"rendered":"Cercei Ohm"},"content":{"rendered":"","protected":false},"excerpt":{"rendered":"<p>Dimensiune : 65 mm<br cercei elegan\u021bi f\u0103cu\u021bi din labradorit si agat alb, cu simbolul ohm.<br labradoritul este o piatr\u0103 culori frumoase care protejeaz\u0103 \u0219i \u00eent\u0103re\u0219te aura. persoanele extrem de sensibile beneficiaz\u0103 purtarea labradoritului atunci c\u00e2nd se g\u0103sesc \u00eentr-un mediu aglomerat.\u00a0pentru \u0219amani al\u021bi vindec\u0103tori, protectoare \u00eei ajut\u0103 s\u0103 \"c\u0103l\u0103toreasc\u0103\" \u00een siguran\u021b\u0103 \u00eentre diferitele t\u0103r\u00e2muri.<br \/>La nivel fizic, labradoritul sus\u021bine organele conectate la plexul solar (bil\u0103, ficat, splin\u0103, pancreas, intestine \u0219i rinichi) \u0219i aduce alinare \u00een problemele de somn, reumatism \u0219i atacuri de gut\u0103.<br \/>Agat alb, sau agat pace, este o piatr\u0103 de \u00eemp\u0103m\u00e2ntare care promoveaz\u0103 echilibrul fizic, emo\u021bional \u0219i mental. Agatul alb are o leg\u0103tur\u0103 puternic\u0103 cu chakra coroanei \u0219i cre\u0219te \u00een\u021belegerea \u0219i con\u0219tientizarea. Acest lucru ajut\u0103 la renun\u021barea emo\u021biilor \u0219i energiilor tulbur\u0103toare. Pacific\u0103 m\u00e2nia \u0219i (auto) distrugerea. Aduce calm \u0219i r\u0103coare corpului \u0219i min\u021bii. La nivel fizic, agatul alb are un efect pozitiv asupra ochilor, stomacului, sistemului limfatic, pancreasului \u0219i uterului. <br \/>Acest produs este f\u0103r\u0103 nichel, plumb \u0219i cadmiu; ceea ce \u00eenseamn\u0103, prin urmare, c\u0103 astfel de elemente nu sunt prezente sau \u00een cantit\u0103\u021bile limitate permise \u00een cadrul standardelor europene de siguran\u021b\u0103 a produselor.<br \/>*Aceste informa\u021bii nu au fost dovedite \u0219tiin\u021bific, se bazeaz\u0103 pe experien\u021ba utilizatorilor \u0219i terapeu\u021bilor. C\u00e2nd ave\u021bi \u00eendoieli cu privire la starea dumneavoastr\u0103 de s\u0103n\u0103tate, consulta\u021bi un medic.<\/p>","protected":false},"featured_media":3087,"comment_status":"closed","ping_status":"closed","template":"","meta":[],"product_cat":[71],"product_tag":[],"_links":{"self":[{"href":"https:\/\/chakrashop.ro\/hu\/wp-json\/wp\/v2\/product\/5386"}],"collection":[{"href":"https:\/\/chakrashop.ro\/hu\/wp-json\/wp\/v2\/product"}],"about":[{"href":"https:\/\/chakrashop.ro\/hu\/wp-json\/wp\/v2\/types\/product"}],"replies":[{"embeddable":true,"href":"https:\/\/chakrashop.ro\/hu\/wp-json\/wp\/v2\/comments?post=5386"}],"wp:featuredmedia":[{"embeddable":true,"href":"https:\/\/chakrashop.ro\/hu\/wp-json\/wp\/v2\/media\/3087"}],"wp:attachment":[{"href":"https:\/\/chakrashop.ro\/hu\/wp-json\/wp\/v2\/media?parent=5386"}],"wp:term":[{"taxonomy":"product_cat","embeddable":true,"href":"https:\/\/chakrashop.ro\/hu\/wp-json\/wp\/v2\/product_cat?post=5386"},{"taxonomy":"product_tag","embeddable":true,"href":"https:\/\/chakrashop.ro\/hu\/wp-json\/wp\/v2\/product_tag?post=5386"}],"curies":[{"name":"wp","href":"https:\/\/api.w.org\/{rel}","templated":true}]}}