{"id":5388,"date":"2021-07-29T13:59:17","date_gmt":"2021-07-29T10:59:17","guid":{"rendered":"https:\/\/chakrashop.ro\/product\/5388\/"},"modified":"2023-09-19T14:27:37","modified_gmt":"2023-09-19T11:27:37","slug":"cercei-floarea-vietii","status":"publish","type":"product","link":"https:\/\/chakrashop.ro\/hu\/product\/cercei-floarea-vietii\/","title":{"rendered":"Cercei Floarea Vie\u021bii"},"content":{"rendered":"","protected":false},"excerpt":{"rendered":"<p>Dimensiune : 65mm<br cercei elegan\u021bi din cristal de st\u00e2nc\u0103 \u0219i ametist, cu floarea vie\u021bii.<br roc\u0103 sau cuar\u021b limpede, este o piatr\u0103 puternic\u0103 vindecare energizant\u0103. stimuleaz\u0103 g\u00e2ndirea clar\u0103 percep\u021bia. te sprijin\u0103 s\u0103 conectezi \u00een\u021belepciunea ta interioar\u0103. purific\u0103 \u00eent\u0103re\u0219te at\u00e2t corpul energetic, c\u00e2t cel fizic, sistemul imunitar.<br \/>Ametistul este un cristal de cuar\u021b de culoare violet. Nuan\u021bele purpurii variaz\u0103 de la lavand\u0103 u\u0219oar\u0103 la violet profund. Cristalele de ametist au o calitate spiritual\u0103 \u0219i pot fi folosite pentru a ajuta indivizii s\u0103 ating\u0103 niveluri mai ridicate de con\u0219tiin\u021b\u0103. Poate servi ca o punte \u00eentre frecven\u021bele fizice \u0219i eterice, cre\u00e2nd o deschidere pentru iluminare.<br \/>Acest produs este f\u0103r\u0103 nichel, plumb \u0219i cadmiu; ceea ce \u00eenseamn\u0103, prin urmare, c\u0103 astfel de elemente nu sunt prezente sau \u00een cantit\u0103\u021bile limitate permise \u00een cadrul standardelor europene de siguran\u021b\u0103 a produselor.<br \/>*Aceste informa\u021bii nu au fost dovedite \u0219tiin\u021bific, se bazeaz\u0103 pe experien\u021ba utilizatorilor \u0219i terapeu\u021bilor. C\u00e2nd ave\u021bi \u00eendoieli cu privire la starea dumneavoastr\u0103 de s\u0103n\u0103tate, consulta\u021bi un medic.<\/p>","protected":false},"featured_media":3095,"comment_status":"closed","ping_status":"closed","template":"","meta":[],"product_cat":[71],"product_tag":[],"_links":{"self":[{"href":"https:\/\/chakrashop.ro\/hu\/wp-json\/wp\/v2\/product\/5388"}],"collection":[{"href":"https:\/\/chakrashop.ro\/hu\/wp-json\/wp\/v2\/product"}],"about":[{"href":"https:\/\/chakrashop.ro\/hu\/wp-json\/wp\/v2\/types\/product"}],"replies":[{"embeddable":true,"href":"https:\/\/chakrashop.ro\/hu\/wp-json\/wp\/v2\/comments?post=5388"}],"wp:featuredmedia":[{"embeddable":true,"href":"https:\/\/chakrashop.ro\/hu\/wp-json\/wp\/v2\/media\/3095"}],"wp:attachment":[{"href":"https:\/\/chakrashop.ro\/hu\/wp-json\/wp\/v2\/media?parent=5388"}],"wp:term":[{"taxonomy":"product_cat","embeddable":true,"href":"https:\/\/chakrashop.ro\/hu\/wp-json\/wp\/v2\/product_cat?post=5388"},{"taxonomy":"product_tag","embeddable":true,"href":"https:\/\/chakrashop.ro\/hu\/wp-json\/wp\/v2\/product_tag?post=5388"}],"curies":[{"name":"wp","href":"https:\/\/api.w.org\/{rel}","templated":true}]}}