{"id":5389,"date":"2021-07-29T13:59:17","date_gmt":"2021-07-29T10:59:17","guid":{"rendered":"https:\/\/chakrashop.ro\/product\/5389\/"},"modified":"2023-09-19T14:27:28","modified_gmt":"2023-09-19T11:27:28","slug":"cercei-lotus","status":"publish","type":"product","link":"https:\/\/chakrashop.ro\/hu\/product\/cercei-lotus\/","title":{"rendered":"Cercei Lotus"},"content":{"rendered":"","protected":false},"excerpt":{"rendered":"<p>Dimensiune : 65mm<br cercei elegan\u021bi confectiona\u021bi din ametist chevron si cristal de roc\u0103, cu lotus.<br este o combina\u021bie cuar\u021b lapte \u0219i ametist. piatr\u0103 puternic\u0103 care relaxeaz\u0103, calmeaz\u0103 promoveaz\u0103 somnul lini\u0219tit. deschide al treilea ochi. asemenea, utilizat \u00een c\u0103l\u0103torii spirituale.<br \/>Cristalul de roc\u0103 este o piatr\u0103 puternic\u0103 de vindecare \u0219i un energizant. Stimuleaz\u0103 g\u00e2ndirea clar\u0103 \u0219i percep\u021bia. Te sprijin\u0103 s\u0103 te conectezi cu \u00een\u021belepciunea ta interioar\u0103. Purific\u0103 \u0219i \u00eent\u0103re\u0219te at\u00e2t corpul energetic, c\u00e2t \u0219i cel fizic, \u0219i sistemul imunitar.<br \/>Acest produs este f\u0103r\u0103 nichel, plumb \u0219i cadmiu; ceea ce \u00eenseamn\u0103, prin urmare, c\u0103 astfel de elemente nu sunt prezente sau \u00een cantit\u0103\u021bile limitate permise \u00een cadrul standardelor europene de siguran\u021b\u0103 a produselor.<br \/>*Aceste informa\u021bii nu au fost dovedite \u0219tiin\u021bific, se bazeaz\u0103 pe experien\u021ba utilizatorilor \u0219i terapeu\u021bilor. C\u00e2nd ave\u021bi \u00eendoieli cu privire la starea dumneavoastr\u0103 de s\u0103n\u0103tate, consulta\u021bi un medic.<\/p>","protected":false},"featured_media":3097,"comment_status":"closed","ping_status":"closed","template":"","meta":[],"product_cat":[71],"product_tag":[],"_links":{"self":[{"href":"https:\/\/chakrashop.ro\/hu\/wp-json\/wp\/v2\/product\/5389"}],"collection":[{"href":"https:\/\/chakrashop.ro\/hu\/wp-json\/wp\/v2\/product"}],"about":[{"href":"https:\/\/chakrashop.ro\/hu\/wp-json\/wp\/v2\/types\/product"}],"replies":[{"embeddable":true,"href":"https:\/\/chakrashop.ro\/hu\/wp-json\/wp\/v2\/comments?post=5389"}],"wp:featuredmedia":[{"embeddable":true,"href":"https:\/\/chakrashop.ro\/hu\/wp-json\/wp\/v2\/media\/3097"}],"wp:attachment":[{"href":"https:\/\/chakrashop.ro\/hu\/wp-json\/wp\/v2\/media?parent=5389"}],"wp:term":[{"taxonomy":"product_cat","embeddable":true,"href":"https:\/\/chakrashop.ro\/hu\/wp-json\/wp\/v2\/product_cat?post=5389"},{"taxonomy":"product_tag","embeddable":true,"href":"https:\/\/chakrashop.ro\/hu\/wp-json\/wp\/v2\/product_tag?post=5389"}],"curies":[{"name":"wp","href":"https:\/\/api.w.org\/{rel}","templated":true}]}}