{"id":5390,"date":"2021-07-29T13:59:18","date_gmt":"2021-07-29T10:59:18","guid":{"rendered":"https:\/\/chakrashop.ro\/product\/5390\/"},"modified":"2023-09-19T14:27:17","modified_gmt":"2023-09-19T11:27:17","slug":"cercei-copacul-vietii","status":"publish","type":"product","link":"https:\/\/chakrashop.ro\/hu\/product\/cercei-copacul-vietii\/","title":{"rendered":"Cercei Copacul Vie\u021bii"},"content":{"rendered":"","protected":false},"excerpt":{"rendered":"<p>Dimensiune : 65 mm<br cercei elegan\u021bi din fluorit\u0103 \u0219i ametist, cu pomul vie\u021bii.<br fluorita este, de asemenea, numit fluorspar. piatra apare \u00een natur\u0103 mai multe culori, cauzat\u0103 diferitele oligoelemente pe care le poate con\u021bine. este foarte potrivit\u0103 aceste zile, deoarece cur\u0103\u021b\u0103 protejeaz\u0103 radia\u021biile electromagnetice. promoveaz\u0103, concentrarea.<br \/>Ametistul este un cristal de cuar\u021b de culoare violet. Nuan\u021bele purpurii variaz\u0103 de la lavand\u0103 u\u0219oar\u0103 la violet profund. Cristalele de ametist au o calitate spiritual\u0103 \u0219i pot fi folosite pentru a ajuta indivizii s\u0103 ating\u0103 nivele mai ridicate de con\u0219tiin\u021b\u0103. Poate servi ca o punte \u00eentre frecven\u021bele fizice \u0219i eterice, cre\u00e2nd o deschidere pentru iluminare.<br \/>Acest produs este f\u0103r\u0103 nichel, plumb \u0219i cadmiu; ceea ce \u00eenseamn\u0103, prin urmare, c\u0103 astfel de elemente nu sunt prezente sau \u00een cantit\u0103\u021bile limitate permise \u00een cadrul standardelor europene de siguran\u021b\u0103 a produselor.<br \/>*Aceste informa\u021bii nu au fost dovedite \u0219tiin\u021bific, se bazeaz\u0103 pe experien\u021ba utilizatorilor \u0219i terapeu\u021bilor. C\u00e2nd ave\u021bi \u00eendoieli cu privire la starea dumneavoastr\u0103 de s\u0103n\u0103tate, consulta\u021bi un medic.<\/p>","protected":false},"featured_media":5855,"comment_status":"closed","ping_status":"closed","template":"","meta":[],"product_cat":[71],"product_tag":[],"_links":{"self":[{"href":"https:\/\/chakrashop.ro\/hu\/wp-json\/wp\/v2\/product\/5390"}],"collection":[{"href":"https:\/\/chakrashop.ro\/hu\/wp-json\/wp\/v2\/product"}],"about":[{"href":"https:\/\/chakrashop.ro\/hu\/wp-json\/wp\/v2\/types\/product"}],"replies":[{"embeddable":true,"href":"https:\/\/chakrashop.ro\/hu\/wp-json\/wp\/v2\/comments?post=5390"}],"wp:featuredmedia":[{"embeddable":true,"href":"https:\/\/chakrashop.ro\/hu\/wp-json\/wp\/v2\/media\/5855"}],"wp:attachment":[{"href":"https:\/\/chakrashop.ro\/hu\/wp-json\/wp\/v2\/media?parent=5390"}],"wp:term":[{"taxonomy":"product_cat","embeddable":true,"href":"https:\/\/chakrashop.ro\/hu\/wp-json\/wp\/v2\/product_cat?post=5390"},{"taxonomy":"product_tag","embeddable":true,"href":"https:\/\/chakrashop.ro\/hu\/wp-json\/wp\/v2\/product_tag?post=5390"}],"curies":[{"name":"wp","href":"https:\/\/api.w.org\/{rel}","templated":true}]}}