{"id":5394,"date":"2021-07-29T13:59:22","date_gmt":"2021-07-29T10:59:22","guid":{"rendered":"https:\/\/chakrashop.ro\/product\/5394\/"},"modified":"2022-09-26T12:10:45","modified_gmt":"2022-09-26T09:10:45","slug":"bratara-amazon","status":"publish","type":"product","link":"https:\/\/chakrashop.ro\/hu\/product\/bratara-amazon\/","title":{"rendered":"Br\u0103\u021bar\u0103 Amazon"},"content":{"rendered":"","protected":false},"excerpt":{"rendered":"<p>Br\u0103\u021bar\u0103 Amazonite de \u00eenf\u0103\u0219urat \u00een jurul \u00eencheieturii m\u00e2inii de mai multe ori.<br \/>Potrivit pentru diferite dimensiuni ale \u00eencheieturii m\u00e2inii.<br \/>Cu o curea din piele, 87 marrame de 6mm<br \/>Amazonitul este un protector puternic \u00eempotriva energiilor negative \u0219i a radia\u021biilor electromagnetice. De asemenea, echilibreaz\u0103 g\u00e2ndirea \u0219i \u00een\u021belepciunea intuitiv\u0103.<br \/>Agat negru este bun pentru \u00eemp\u0103m\u00e2ntare \u0219i stabilizare, at\u00e2t emo\u021bional \u0219i mental. Energia moale a pietrei calmeaz\u0103 \u0219i relaxeaz\u0103. Fizic, agat negru poate ajuta cu grea\u021b\u0103, crampe \u0219i indigestie.\u00a0<\/p>","protected":false},"featured_media":3099,"comment_status":"closed","ping_status":"closed","template":"","meta":[],"product_cat":[71],"product_tag":[],"_links":{"self":[{"href":"https:\/\/chakrashop.ro\/hu\/wp-json\/wp\/v2\/product\/5394"}],"collection":[{"href":"https:\/\/chakrashop.ro\/hu\/wp-json\/wp\/v2\/product"}],"about":[{"href":"https:\/\/chakrashop.ro\/hu\/wp-json\/wp\/v2\/types\/product"}],"replies":[{"embeddable":true,"href":"https:\/\/chakrashop.ro\/hu\/wp-json\/wp\/v2\/comments?post=5394"}],"wp:featuredmedia":[{"embeddable":true,"href":"https:\/\/chakrashop.ro\/hu\/wp-json\/wp\/v2\/media\/3099"}],"wp:attachment":[{"href":"https:\/\/chakrashop.ro\/hu\/wp-json\/wp\/v2\/media?parent=5394"}],"wp:term":[{"taxonomy":"product_cat","embeddable":true,"href":"https:\/\/chakrashop.ro\/hu\/wp-json\/wp\/v2\/product_cat?post=5394"},{"taxonomy":"product_tag","embeddable":true,"href":"https:\/\/chakrashop.ro\/hu\/wp-json\/wp\/v2\/product_tag?post=5394"}],"curies":[{"name":"wp","href":"https:\/\/api.w.org\/{rel}","templated":true}]}}