{"id":5396,"date":"2021-07-29T13:59:27","date_gmt":"2021-07-29T10:59:27","guid":{"rendered":"https:\/\/chakrashop.ro\/product\/5396\/"},"modified":"2022-09-26T11:43:55","modified_gmt":"2022-09-26T08:43:55","slug":"bratara-carneol","status":"publish","type":"product","link":"https:\/\/chakrashop.ro\/hu\/product\/bratara-carneol\/","title":{"rendered":"Br\u0103\u021bar\u0103 Carneol"},"content":{"rendered":"","protected":false},"excerpt":{"rendered":"<p>Tip cristal : Cornelin\u0103<br \/>\nDimensiune : 19 cm \/ elastic, m\u0103rgele 7 mm<br \/>\nDetalii cristal : Cornelianul este un soi opac portocaliu de calcedonie \u0219i se g\u0103se\u0219te \u00een \u00eentreaga lume. Cornalina este cunoscut\u0103 \u0219i sub numele de Cornelian.<br \/>\nCompozi\u021bie chimic\u0103 : SiO2<br \/>\nNote : Acest produs se vinde individual. Dimensiunea, forma \u0219i culoarea produsului pe care \u00eel ve\u021bi primi poate s\u0103 difere u\u0219or de produsul prezentat \u00een imagine.<\/p>","protected":false},"featured_media":6249,"comment_status":"closed","ping_status":"closed","template":"","meta":[],"product_cat":[71],"product_tag":[],"_links":{"self":[{"href":"https:\/\/chakrashop.ro\/hu\/wp-json\/wp\/v2\/product\/5396"}],"collection":[{"href":"https:\/\/chakrashop.ro\/hu\/wp-json\/wp\/v2\/product"}],"about":[{"href":"https:\/\/chakrashop.ro\/hu\/wp-json\/wp\/v2\/types\/product"}],"replies":[{"embeddable":true,"href":"https:\/\/chakrashop.ro\/hu\/wp-json\/wp\/v2\/comments?post=5396"}],"wp:featuredmedia":[{"embeddable":true,"href":"https:\/\/chakrashop.ro\/hu\/wp-json\/wp\/v2\/media\/6249"}],"wp:attachment":[{"href":"https:\/\/chakrashop.ro\/hu\/wp-json\/wp\/v2\/media?parent=5396"}],"wp:term":[{"taxonomy":"product_cat","embeddable":true,"href":"https:\/\/chakrashop.ro\/hu\/wp-json\/wp\/v2\/product_cat?post=5396"},{"taxonomy":"product_tag","embeddable":true,"href":"https:\/\/chakrashop.ro\/hu\/wp-json\/wp\/v2\/product_tag?post=5396"}],"curies":[{"name":"wp","href":"https:\/\/api.w.org\/{rel}","templated":true}]}}