{"id":5401,"date":"2021-07-29T13:59:30","date_gmt":"2021-07-29T10:59:30","guid":{"rendered":"https:\/\/chakrashop.ro\/product\/5401\/"},"modified":"2021-07-29T13:59:31","modified_gmt":"2021-07-29T10:59:31","slug":"bratara-larimar","status":"publish","type":"product","link":"https:\/\/chakrashop.ro\/hu\/product\/bratara-larimar\/","title":{"rendered":"Br\u0103\u021bar\u0103 Larimar"},"content":{"rendered":"","protected":false},"excerpt":{"rendered":"<p>Tip cristal : Larimar<br \/>Dimensiune : 19 cm \/ elastic, chipsuri 6 mm<br \/>Detalii cristal : Pectolitul este un mineral de hidroxid de silicat de calciu de sodiu care se g\u0103se\u0219te \u00een sienitele nefeline. Larimar este denumirea comercial\u0103 dat\u0103 pectolitului albastru deschis g\u0103sit \u00een Republica Dominican\u0103.<br \/>Compozi\u021bie chimic\u0103 : NaCa2Si3O8 (OH)<br \/>Note : Acest produs se vinde individual. Dimensiunea, forma \u0219i culoarea produsului pe care \u00eel ve\u021bi primi poate s\u0103 difere u\u0219or de produsul prezentat \u00een imagine.<\/p>","protected":false},"featured_media":5862,"comment_status":"closed","ping_status":"open","template":"","meta":[],"product_cat":[71],"product_tag":[],"_links":{"self":[{"href":"https:\/\/chakrashop.ro\/hu\/wp-json\/wp\/v2\/product\/5401"}],"collection":[{"href":"https:\/\/chakrashop.ro\/hu\/wp-json\/wp\/v2\/product"}],"about":[{"href":"https:\/\/chakrashop.ro\/hu\/wp-json\/wp\/v2\/types\/product"}],"replies":[{"embeddable":true,"href":"https:\/\/chakrashop.ro\/hu\/wp-json\/wp\/v2\/comments?post=5401"}],"wp:featuredmedia":[{"embeddable":true,"href":"https:\/\/chakrashop.ro\/hu\/wp-json\/wp\/v2\/media\/5862"}],"wp:attachment":[{"href":"https:\/\/chakrashop.ro\/hu\/wp-json\/wp\/v2\/media?parent=5401"}],"wp:term":[{"taxonomy":"product_cat","embeddable":true,"href":"https:\/\/chakrashop.ro\/hu\/wp-json\/wp\/v2\/product_cat?post=5401"},{"taxonomy":"product_tag","embeddable":true,"href":"https:\/\/chakrashop.ro\/hu\/wp-json\/wp\/v2\/product_tag?post=5401"}],"curies":[{"name":"wp","href":"https:\/\/api.w.org\/{rel}","templated":true}]}}