{"id":5402,"date":"2021-07-29T13:59:31","date_gmt":"2021-07-29T10:59:31","guid":{"rendered":"https:\/\/chakrashop.ro\/product\/5402\/"},"modified":"2021-08-25T20:52:17","modified_gmt":"2021-08-25T17:52:17","slug":"bratara-copacul-vietii","status":"publish","type":"product","link":"https:\/\/chakrashop.ro\/hu\/product\/bratara-copacul-vietii\/","title":{"rendered":"Br\u0103\u021bar\u0103 Copacul Vie\u021bii"},"content":{"rendered":"","protected":false},"excerpt":{"rendered":"<p>Br\u0103\u021bar\u0103 cu simbolul Arborele vie\u021bii<br \/>\nArborele Vie\u021bii \u00een diferite religii \u0219i tradi\u021bii spirituale :<br \/>\nArborele Vie\u021bii este un simbol puternic care exist\u0103 de secole \u00een \u00eentreaga lume \u00een diferite tradi\u021bii religioase \u0219i spirituale.<br \/>\nArborele vie\u021bii, Iranul antic:<br \/>\n\u00cen mitologia iranian\u0103, exist\u0103 mai multe icoane sacre vegetale legate de via\u021b\u0103, vindecare \u0219i eternitate. Ca gardian al plantelor, zei\u021ba copacilor \u0219i nemurirea.<br \/>\nArborele vie\u021bii, credin\u021ba Baha&#8217;i:<br \/>\nConceptul de copac al vie\u021bii apare \u00een scrierile Credin\u021bei Bah\u00e1&#8217;\u00ed, unde se poate referi la Manifestarea lui Dumnezeu, un mare \u00eenv\u0103\u021b\u0103tor care apare umanit\u0103\u021bii din veac \u00een veac.<br \/>\nArborele vie\u021bii, Budism:<br \/>\nConform tradi\u021biei budiste, arborele Bodhi, sau arborele Bo, este arborele (Ficus religiosa) sub care st\u0103tea Siddharta c\u00e2nd a atins iluminarea \u00een urm\u0103 cu aproximativ 2.500 de ani \u00een urm\u0103 la Bodh Gaya, India, \u0219i astfel a devenit Buddha (cel trezit) .<br \/>\nArborele vie\u021bii, China:<br \/>\n\u00cen mitologia chinez\u0103, sculptura unui copac al vie\u021bii descrie adesea \u0219i un Phoenix \u0219i un dragon, unde dragonul reprezint\u0103 adesea nemurirea. O poveste taoist\u0103 poveste\u0219te despre un copac care produce o piersic\u0103 a nemuririi la fiecare trei mii de ani, iar oricine m\u0103n\u00e2nc\u0103 fructul va primi nemurirea.<br \/>\nArborele vie\u021bii, Europa:<br \/>\nAntoine-Joseph Pernety, un renumit scriitor \u0219i alchimist \u00een secolul al XVIII-lea, a identificat arborele vie\u021bii cu Elixirul vie\u021bii \u0219i Piatra Filozofal\u0103.<\/p>\n<p>La comand\u0103 men\u021biona\u021bi va rog culoarea dorit\u0103.<\/p>","protected":false},"featured_media":5863,"comment_status":"closed","ping_status":"closed","template":"","meta":[],"product_cat":[71],"product_tag":[],"_links":{"self":[{"href":"https:\/\/chakrashop.ro\/hu\/wp-json\/wp\/v2\/product\/5402"}],"collection":[{"href":"https:\/\/chakrashop.ro\/hu\/wp-json\/wp\/v2\/product"}],"about":[{"href":"https:\/\/chakrashop.ro\/hu\/wp-json\/wp\/v2\/types\/product"}],"replies":[{"embeddable":true,"href":"https:\/\/chakrashop.ro\/hu\/wp-json\/wp\/v2\/comments?post=5402"}],"wp:featuredmedia":[{"embeddable":true,"href":"https:\/\/chakrashop.ro\/hu\/wp-json\/wp\/v2\/media\/5863"}],"wp:attachment":[{"href":"https:\/\/chakrashop.ro\/hu\/wp-json\/wp\/v2\/media?parent=5402"}],"wp:term":[{"taxonomy":"product_cat","embeddable":true,"href":"https:\/\/chakrashop.ro\/hu\/wp-json\/wp\/v2\/product_cat?post=5402"},{"taxonomy":"product_tag","embeddable":true,"href":"https:\/\/chakrashop.ro\/hu\/wp-json\/wp\/v2\/product_tag?post=5402"}],"curies":[{"name":"wp","href":"https:\/\/api.w.org\/{rel}","templated":true}]}}