{"id":5405,"date":"2021-07-29T13:59:35","date_gmt":"2021-07-29T10:59:35","guid":{"rendered":"https:\/\/chakrashop.ro\/product\/5405\/"},"modified":"2021-07-29T13:59:35","modified_gmt":"2021-07-29T10:59:35","slug":"bratara-lavastone","status":"publish","type":"product","link":"https:\/\/chakrashop.ro\/hu\/product\/bratara-lavastone\/","title":{"rendered":"Br\u0103\u021bar\u0103 Lavastone"},"content":{"rendered":"","protected":false},"excerpt":{"rendered":"<p>Br\u0103\u021bar\u0103 din piatr\u0103 de lav\u0103<br \/>Tip cristal : Mineraloid amorf<br \/>Dimensiune : 16 cm \/ elastic, m\u0103rgele 8 mm<br \/>Detalii cristal : Lava are un con\u021binut sc\u0103zut de siliciu. De obicei \u00eentunecat \u0219i greu, ca \u0219i bazaltul.<br \/>Compozi\u021bie chimic\u0103 : SiO2<\/p>","protected":false},"featured_media":5866,"comment_status":"closed","ping_status":"open","template":"","meta":[],"product_cat":[71],"product_tag":[],"_links":{"self":[{"href":"https:\/\/chakrashop.ro\/hu\/wp-json\/wp\/v2\/product\/5405"}],"collection":[{"href":"https:\/\/chakrashop.ro\/hu\/wp-json\/wp\/v2\/product"}],"about":[{"href":"https:\/\/chakrashop.ro\/hu\/wp-json\/wp\/v2\/types\/product"}],"replies":[{"embeddable":true,"href":"https:\/\/chakrashop.ro\/hu\/wp-json\/wp\/v2\/comments?post=5405"}],"wp:featuredmedia":[{"embeddable":true,"href":"https:\/\/chakrashop.ro\/hu\/wp-json\/wp\/v2\/media\/5866"}],"wp:attachment":[{"href":"https:\/\/chakrashop.ro\/hu\/wp-json\/wp\/v2\/media?parent=5405"}],"wp:term":[{"taxonomy":"product_cat","embeddable":true,"href":"https:\/\/chakrashop.ro\/hu\/wp-json\/wp\/v2\/product_cat?post=5405"},{"taxonomy":"product_tag","embeddable":true,"href":"https:\/\/chakrashop.ro\/hu\/wp-json\/wp\/v2\/product_tag?post=5405"}],"curies":[{"name":"wp","href":"https:\/\/api.w.org\/{rel}","templated":true}]}}