{"id":5407,"date":"2021-07-29T13:59:38","date_gmt":"2021-07-29T10:59:38","guid":{"rendered":"https:\/\/chakrashop.ro\/product\/5407\/"},"modified":"2021-07-29T13:59:38","modified_gmt":"2021-07-29T10:59:38","slug":"bratara-agat","status":"publish","type":"product","link":"https:\/\/chakrashop.ro\/hu\/product\/bratara-agat\/","title":{"rendered":"Br\u0103\u021bar\u0103 Agat"},"content":{"rendered":"","protected":false},"excerpt":{"rendered":"<p>Bra\u021bar\u0103 Agat<br \/>Agata este un mare ajutor pentru medita\u021bie \u0219i o piatr\u0103 puternic\u0103 de vindecare. Are un efect de baz\u0103 \u0219i astfel diminueaz\u0103 sentimentele de gelozie, invidie, fric\u0103 \u0219i stres. Promoveaz\u0103 for\u021ba \u0219i stabilitatea fizic\u0103 \u0219i mental\u0103. De asemenea, este o piatr\u0103 bun\u0103 pentru protec\u021bie.<br \/>Br\u0103\u021bar\u0103 cu un r\u00e2nd dublu de m\u0103rgele.<br \/>Dimensiunea m\u0103rgelelor : 0,6 mm.<br \/>Reglabil ca dimensiune.<\/p>","protected":false},"featured_media":3150,"comment_status":"closed","ping_status":"open","template":"","meta":[],"product_cat":[71],"product_tag":[],"_links":{"self":[{"href":"https:\/\/chakrashop.ro\/hu\/wp-json\/wp\/v2\/product\/5407"}],"collection":[{"href":"https:\/\/chakrashop.ro\/hu\/wp-json\/wp\/v2\/product"}],"about":[{"href":"https:\/\/chakrashop.ro\/hu\/wp-json\/wp\/v2\/types\/product"}],"replies":[{"embeddable":true,"href":"https:\/\/chakrashop.ro\/hu\/wp-json\/wp\/v2\/comments?post=5407"}],"wp:featuredmedia":[{"embeddable":true,"href":"https:\/\/chakrashop.ro\/hu\/wp-json\/wp\/v2\/media\/3150"}],"wp:attachment":[{"href":"https:\/\/chakrashop.ro\/hu\/wp-json\/wp\/v2\/media?parent=5407"}],"wp:term":[{"taxonomy":"product_cat","embeddable":true,"href":"https:\/\/chakrashop.ro\/hu\/wp-json\/wp\/v2\/product_cat?post=5407"},{"taxonomy":"product_tag","embeddable":true,"href":"https:\/\/chakrashop.ro\/hu\/wp-json\/wp\/v2\/product_tag?post=5407"}],"curies":[{"name":"wp","href":"https:\/\/api.w.org\/{rel}","templated":true}]}}