{"id":5408,"date":"2021-07-29T13:59:39","date_gmt":"2021-07-29T10:59:39","guid":{"rendered":"https:\/\/chakrashop.ro\/product\/5408\/"},"modified":"2021-07-29T13:59:39","modified_gmt":"2021-07-29T10:59:39","slug":"bratara-lemn-cu-copacul-vietii","status":"publish","type":"product","link":"https:\/\/chakrashop.ro\/hu\/product\/bratara-lemn-cu-copacul-vietii\/","title":{"rendered":"Br\u0103\u021bar\u0103 Lemn cu Copacul Vie\u021bii"},"content":{"rendered":"","protected":false},"excerpt":{"rendered":"<p>Br\u0103\u021bar\u0103 Arborele Vie\u021bii Mala<br \/>Dimensiune : 16 cm \/ elastic, m\u0103rgele 8 mm<br \/>Mala \/ br\u0103\u021bar\u0103 elastic\u0103 cu 21 m\u0103rgele din lemn de wenge \u0219i simbolul Arborele Vie\u021bii.<\/p>","protected":false},"featured_media":5868,"comment_status":"closed","ping_status":"open","template":"","meta":[],"product_cat":[71],"product_tag":[],"_links":{"self":[{"href":"https:\/\/chakrashop.ro\/hu\/wp-json\/wp\/v2\/product\/5408"}],"collection":[{"href":"https:\/\/chakrashop.ro\/hu\/wp-json\/wp\/v2\/product"}],"about":[{"href":"https:\/\/chakrashop.ro\/hu\/wp-json\/wp\/v2\/types\/product"}],"replies":[{"embeddable":true,"href":"https:\/\/chakrashop.ro\/hu\/wp-json\/wp\/v2\/comments?post=5408"}],"wp:featuredmedia":[{"embeddable":true,"href":"https:\/\/chakrashop.ro\/hu\/wp-json\/wp\/v2\/media\/5868"}],"wp:attachment":[{"href":"https:\/\/chakrashop.ro\/hu\/wp-json\/wp\/v2\/media?parent=5408"}],"wp:term":[{"taxonomy":"product_cat","embeddable":true,"href":"https:\/\/chakrashop.ro\/hu\/wp-json\/wp\/v2\/product_cat?post=5408"},{"taxonomy":"product_tag","embeddable":true,"href":"https:\/\/chakrashop.ro\/hu\/wp-json\/wp\/v2\/product_tag?post=5408"}],"curies":[{"name":"wp","href":"https:\/\/api.w.org\/{rel}","templated":true}]}}