{"id":5412,"date":"2021-07-29T13:59:43","date_gmt":"2021-07-29T10:59:43","guid":{"rendered":"https:\/\/chakrashop.ro\/product\/5412\/"},"modified":"2021-07-29T13:59:43","modified_gmt":"2021-07-29T10:59:43","slug":"pandantiv-yin-yang","status":"publish","type":"product","link":"https:\/\/chakrashop.ro\/hu\/product\/pandantiv-yin-yang\/","title":{"rendered":"Pandantiv Yin Yang"},"content":{"rendered":"","protected":false},"excerpt":{"rendered":"<p>Pandantiv Yin Yang<br \/>Dimensiune : 35 mm<br \/>Material : Scoica<br \/>Conceptul chinez de Yin \u0219i Yang se refer\u0103 la cele dou\u0103 principii care p\u0103trund \u00een toate aspectele vie\u021bii \u0219i ale universului. Simbolul Yin Yang reprezint\u0103 dualitatea cosmic\u0103. Yin simbolizeaz\u0103 principiul feminin (p\u0103m\u00e2nt, frig, nord, umed) \u0219i Yang masculin (cer, c\u0103ldur\u0103, sud, secet\u0103). Aceste dou\u0103 principii nu sunt contradictorii, sunt complementare.<br \/>Acest produs nu con\u021bine nichel, plumb \u0219i cadmiu; ceea ce \u00eenseamn\u0103 c\u0103 astfel de elemente nu sunt prezente sau \u00een cantit\u0103\u021bile limitate permise \u00een cadrul standardelor europene de siguran\u021b\u0103 a produselor.<\/p>","protected":false},"featured_media":5872,"comment_status":"closed","ping_status":"open","template":"","meta":[],"product_cat":[71],"product_tag":[],"_links":{"self":[{"href":"https:\/\/chakrashop.ro\/hu\/wp-json\/wp\/v2\/product\/5412"}],"collection":[{"href":"https:\/\/chakrashop.ro\/hu\/wp-json\/wp\/v2\/product"}],"about":[{"href":"https:\/\/chakrashop.ro\/hu\/wp-json\/wp\/v2\/types\/product"}],"replies":[{"embeddable":true,"href":"https:\/\/chakrashop.ro\/hu\/wp-json\/wp\/v2\/comments?post=5412"}],"wp:featuredmedia":[{"embeddable":true,"href":"https:\/\/chakrashop.ro\/hu\/wp-json\/wp\/v2\/media\/5872"}],"wp:attachment":[{"href":"https:\/\/chakrashop.ro\/hu\/wp-json\/wp\/v2\/media?parent=5412"}],"wp:term":[{"taxonomy":"product_cat","embeddable":true,"href":"https:\/\/chakrashop.ro\/hu\/wp-json\/wp\/v2\/product_cat?post=5412"},{"taxonomy":"product_tag","embeddable":true,"href":"https:\/\/chakrashop.ro\/hu\/wp-json\/wp\/v2\/product_tag?post=5412"}],"curies":[{"name":"wp","href":"https:\/\/api.w.org\/{rel}","templated":true}]}}