{"id":5413,"date":"2021-07-29T13:59:44","date_gmt":"2021-07-29T10:59:44","guid":{"rendered":"https:\/\/chakrashop.ro\/product\/5413\/"},"modified":"2022-03-04T18:05:23","modified_gmt":"2022-03-04T16:05:23","slug":"pandantiv-ritual","status":"publish","type":"product","link":"https:\/\/chakrashop.ro\/hu\/product\/pandantiv-ritual\/","title":{"rendered":"Pandantiv Ritual"},"content":{"rendered":"","protected":false},"excerpt":{"rendered":"<p>Pandantiv ritual din scoica cu metal alb<br \/>\nDimensiune : 70 mm<br \/>\nCochilia este unul dintre cele opt simboluri de bun augur \u00een budismul tibetan \u0219i reprezint\u0103 binecuv\u00e2nt\u0103rile r\u0103sp\u00e2ndirii \u00eenv\u0103\u021b\u0103turilor lui Buddha, precum r\u0103sp\u00e2ndirea sunetului unei cochilii suflate.<\/p>","protected":false},"featured_media":6053,"comment_status":"closed","ping_status":"closed","template":"","meta":[],"product_cat":[71],"product_tag":[],"_links":{"self":[{"href":"https:\/\/chakrashop.ro\/hu\/wp-json\/wp\/v2\/product\/5413"}],"collection":[{"href":"https:\/\/chakrashop.ro\/hu\/wp-json\/wp\/v2\/product"}],"about":[{"href":"https:\/\/chakrashop.ro\/hu\/wp-json\/wp\/v2\/types\/product"}],"replies":[{"embeddable":true,"href":"https:\/\/chakrashop.ro\/hu\/wp-json\/wp\/v2\/comments?post=5413"}],"wp:featuredmedia":[{"embeddable":true,"href":"https:\/\/chakrashop.ro\/hu\/wp-json\/wp\/v2\/media\/6053"}],"wp:attachment":[{"href":"https:\/\/chakrashop.ro\/hu\/wp-json\/wp\/v2\/media?parent=5413"}],"wp:term":[{"taxonomy":"product_cat","embeddable":true,"href":"https:\/\/chakrashop.ro\/hu\/wp-json\/wp\/v2\/product_cat?post=5413"},{"taxonomy":"product_tag","embeddable":true,"href":"https:\/\/chakrashop.ro\/hu\/wp-json\/wp\/v2\/product_tag?post=5413"}],"curies":[{"name":"wp","href":"https:\/\/api.w.org\/{rel}","templated":true}]}}