{"id":5416,"date":"2021-07-29T13:59:47","date_gmt":"2021-07-29T10:59:47","guid":{"rendered":"https:\/\/chakrashop.ro\/product\/5416\/"},"modified":"2021-07-29T13:59:47","modified_gmt":"2021-07-29T10:59:47","slug":"pandantiv-sticluta-cu-ametist","status":"publish","type":"product","link":"https:\/\/chakrashop.ro\/hu\/product\/pandantiv-sticluta-cu-ametist\/","title":{"rendered":"Pandantiv Sticlu\u021b\u0103 cu Ametist"},"content":{"rendered":"","protected":false},"excerpt":{"rendered":"<p>Sticlu\u021b\u0103 pe snur cu Ametist.<br \/>Pentru a energiza spa\u021biul de lucru, sau ag\u0103\u021ba\u021bi-l \u00eentr-o camer\u0103 de zi sau, se poate folosi ca un colier.<br \/>Dimensiune : 36 mm<br \/>Ametistul este un cristal de cuar\u021b de culoare violet. Nuan\u021bele violet variaz\u0103 de la lavand\u0103 deschis\u0103 la violet intens. Cristalele de ametist au o calitate spiritual\u0103 \u0219i pot fi folosite pentru a ajuta indivizii s\u0103 ating\u0103 niveluri superioare de con\u0219tiin\u021b\u0103. Poate servi ca o punte \u00eentre frecven\u021bele fizice \u0219i eterice, cre\u00e2nd o deschidere pentru iluminare.<\/p>","protected":false},"featured_media":5875,"comment_status":"closed","ping_status":"open","template":"","meta":[],"product_cat":[71],"product_tag":[],"_links":{"self":[{"href":"https:\/\/chakrashop.ro\/hu\/wp-json\/wp\/v2\/product\/5416"}],"collection":[{"href":"https:\/\/chakrashop.ro\/hu\/wp-json\/wp\/v2\/product"}],"about":[{"href":"https:\/\/chakrashop.ro\/hu\/wp-json\/wp\/v2\/types\/product"}],"replies":[{"embeddable":true,"href":"https:\/\/chakrashop.ro\/hu\/wp-json\/wp\/v2\/comments?post=5416"}],"wp:featuredmedia":[{"embeddable":true,"href":"https:\/\/chakrashop.ro\/hu\/wp-json\/wp\/v2\/media\/5875"}],"wp:attachment":[{"href":"https:\/\/chakrashop.ro\/hu\/wp-json\/wp\/v2\/media?parent=5416"}],"wp:term":[{"taxonomy":"product_cat","embeddable":true,"href":"https:\/\/chakrashop.ro\/hu\/wp-json\/wp\/v2\/product_cat?post=5416"},{"taxonomy":"product_tag","embeddable":true,"href":"https:\/\/chakrashop.ro\/hu\/wp-json\/wp\/v2\/product_tag?post=5416"}],"curies":[{"name":"wp","href":"https:\/\/api.w.org\/{rel}","templated":true}]}}