{"id":5418,"date":"2021-07-29T13:59:50","date_gmt":"2021-07-29T10:59:50","guid":{"rendered":"https:\/\/chakrashop.ro\/product\/5418\/"},"modified":"2021-07-29T13:59:50","modified_gmt":"2021-07-29T10:59:50","slug":"mala-rudraksha-bratara1-21-boabe","status":"publish","type":"product","link":"https:\/\/chakrashop.ro\/hu\/product\/mala-rudraksha-bratara1-21-boabe\/","title":{"rendered":"Mala Rudraksha Br\u0103\u021bar\u01031 21 boabe"},"content":{"rendered":"","protected":false},"excerpt":{"rendered":"<p>Bra\u021bar\u0103 Rudraksha Mala 21 m\u0103rgele.<br \/>Material : semin\u021be naturale Rudraksha, m\u0103rgele de 8 mm.<br \/>Reglabil ca dimensiune.<br \u0218irul de m\u0103rgele este utilizat \u00een principal pentru a num\u0103ra mantrele repetate. fapt, serve\u0219te acela\u0219i scop ca un rozariu. m\u0103rgelele f\u0103cute din pietre semipre\u021bioase, perle, semin\u021be bodhi sau lemn pot servi la tot felul obiective, cum ar fi num\u0103rarea oric\u0103rui tip mantre alte forme rug\u0103ciune, arcuri, runde \u0219i altele. cablul fiecare mala trebui s\u0103 fie format nou\u0103 fire, simboliz\u00e2nd buddha vajradhara cele opt bodhisattva. m\u0103rgeaua mai mare sf\u00e2r\u0219it \u00eenseamn\u0103 \u00een\u021belepciune, realiz\u00e2nd golul total, iar cilindric\u0103 pe partea superioar\u0103 m\u0103rgelei mari simbolizeaz\u0103 sine. \u00cempreun\u0103, ele triumful asupra tuturor adversarilor.<br \/>Mala cu 108 m\u0103rgele este folosit \u00een timpul recit\u0103rii sau c\u00e2nt\u0103rii mantrelor. 108 este num\u0103rul ideal pentru toate tipurile de scopuri. Este important ca g\u00e2ndurile noastre s\u0103 fie pure \u00een timp ce recit\u0103m sau c\u00e2nt\u0103m o mantr\u0103. Mantra este utilizarea practic\u0103 a puterilor secrete care ne pot ajuta la progres. Mantra \u00eenseamn\u0103 o colec\u021bie de litere din alfabet. Efectul se va face prin repetarea mantrei de mai multe ori; acest lucru devine mai profund pe m\u0103sur\u0103 ce se continu\u0103 aceast\u0103 recitare. Esen\u021bial este sunetul produs \u00een timpul recit\u0103rii. Acest sunet creeaz\u0103 o amprent\u0103 spiritual\u0103 unic\u0103 asupra persoanei care recit\u0103. Ei spun c\u0103 o mantr\u0103 este ca o fiin\u021b\u0103 uman\u0103; exist\u0103 diferite etape de parcurs \u00eenainte de a atinge efectul final: \u201ePurificarea impresiilor mentale\u201d. Exist\u0103 diverse mantre cu o putere poten\u021bial\u0103 inerent\u0103; acestea pot fi transferate personal numai de la Maestru pentru a ini\u021bia. Acestea sunt a\u0219a-numitele \u201eMantra Siddha\u201d. Unii Malas au dou\u0103 dispozitive de num\u0103rare cu poze cu Vajra \u0219i Bell. \u00cen budism, semnifica\u021bia simbolic\u0103 a acestor imagini este \u201emetod\u0103 \u0219i \u00een\u021belepciune, principiile masculine \u0219i feminine\u201d. Osul animalului simbolizeaz\u0103 starea tranzitorie a tuturor fiin\u021belor. Aceste dispozitive de num\u0103rare sunt utilizate \u00een timpul unei retrageri, recit\u00e2nd 100.000 de mantre.<\/p>","protected":false},"featured_media":5877,"comment_status":"closed","ping_status":"open","template":"","meta":[],"product_cat":[71],"product_tag":[],"_links":{"self":[{"href":"https:\/\/chakrashop.ro\/hu\/wp-json\/wp\/v2\/product\/5418"}],"collection":[{"href":"https:\/\/chakrashop.ro\/hu\/wp-json\/wp\/v2\/product"}],"about":[{"href":"https:\/\/chakrashop.ro\/hu\/wp-json\/wp\/v2\/types\/product"}],"replies":[{"embeddable":true,"href":"https:\/\/chakrashop.ro\/hu\/wp-json\/wp\/v2\/comments?post=5418"}],"wp:featuredmedia":[{"embeddable":true,"href":"https:\/\/chakrashop.ro\/hu\/wp-json\/wp\/v2\/media\/5877"}],"wp:attachment":[{"href":"https:\/\/chakrashop.ro\/hu\/wp-json\/wp\/v2\/media?parent=5418"}],"wp:term":[{"taxonomy":"product_cat","embeddable":true,"href":"https:\/\/chakrashop.ro\/hu\/wp-json\/wp\/v2\/product_cat?post=5418"},{"taxonomy":"product_tag","embeddable":true,"href":"https:\/\/chakrashop.ro\/hu\/wp-json\/wp\/v2\/product_tag?post=5418"}],"curies":[{"name":"wp","href":"https:\/\/api.w.org\/{rel}","templated":true}]}}