{"id":5421,"date":"2021-07-29T13:59:53","date_gmt":"2021-07-29T10:59:53","guid":{"rendered":"https:\/\/chakrashop.ro\/product\/5421\/"},"modified":"2021-07-29T13:59:53","modified_gmt":"2021-07-29T10:59:53","slug":"smirna-naturala","status":"publish","type":"product","link":"https:\/\/chakrashop.ro\/hu\/product\/smirna-naturala\/","title":{"rendered":"Smirn\u0103 Natural\u0103"},"content":{"rendered":"","protected":false},"excerpt":{"rendered":"<p>Pachet de 25 gr r\u0103\u0219in\u0103 natural\u0103 de mir.<\/p>","protected":false},"featured_media":3105,"comment_status":"closed","ping_status":"open","template":"","meta":[],"product_cat":[72],"product_tag":[],"_links":{"self":[{"href":"https:\/\/chakrashop.ro\/hu\/wp-json\/wp\/v2\/product\/5421"}],"collection":[{"href":"https:\/\/chakrashop.ro\/hu\/wp-json\/wp\/v2\/product"}],"about":[{"href":"https:\/\/chakrashop.ro\/hu\/wp-json\/wp\/v2\/types\/product"}],"replies":[{"embeddable":true,"href":"https:\/\/chakrashop.ro\/hu\/wp-json\/wp\/v2\/comments?post=5421"}],"wp:featuredmedia":[{"embeddable":true,"href":"https:\/\/chakrashop.ro\/hu\/wp-json\/wp\/v2\/media\/3105"}],"wp:attachment":[{"href":"https:\/\/chakrashop.ro\/hu\/wp-json\/wp\/v2\/media?parent=5421"}],"wp:term":[{"taxonomy":"product_cat","embeddable":true,"href":"https:\/\/chakrashop.ro\/hu\/wp-json\/wp\/v2\/product_cat?post=5421"},{"taxonomy":"product_tag","embeddable":true,"href":"https:\/\/chakrashop.ro\/hu\/wp-json\/wp\/v2\/product_tag?post=5421"}],"curies":[{"name":"wp","href":"https:\/\/api.w.org\/{rel}","templated":true}]}}