{"id":5422,"date":"2021-07-29T13:59:54","date_gmt":"2021-07-29T10:59:54","guid":{"rendered":"https:\/\/chakrashop.ro\/product\/5422\/"},"modified":"2021-07-29T13:59:54","modified_gmt":"2021-07-29T10:59:54","slug":"lemn-palo-santo","status":"publish","type":"product","link":"https:\/\/chakrashop.ro\/hu\/product\/lemn-palo-santo\/","title":{"rendered":"Lemn Palo Santo"},"content":{"rendered":"","protected":false},"excerpt":{"rendered":"<p>Palo Santo natural ( Lemn Sf\u00e2nt ) din Peru<br \/>Dimensiune : 12 x 100 mm<br \/>Beneficiile lui Palo Santo sunt cunoscute \u00een mare parte a lumii. A fost numit magic, mistic, rar, sacru \u0219i unic. Acest lemn parfumat este foarte apreciat spiritual \u00een r\u00e2ndul \u0219amanilor \u0219i vindec\u0103torilor \u0219i a fost folosit \u00een ritualuri sacre \u0219i \u00een scopuri de purificare de mii de ani de c\u0103tre popoarele indigene din America de Sud. De asemenea, este foarte popular \u00een Europa.<br \/>Ecologic :<br \/>Acest produs este recoltat 100% \u00een mod durabil, f\u0103r\u0103 a provoca daune copacilor vii. Oferim numai produse care au fost ob\u021binute din copaci c\u0103zu\u021bi \u00een mod natural \u00een p\u0103durile din Peru.<br \/>Certificat de Serviciul Na\u021bional al P\u0103durilor \u0219i Faunei S\u0103lbatice din Peru (SERFOR)<br mod de utilizare : aprinde\u021bi b\u0103\u021bul, permi\u021b\u00e2ndu-i s\u0103 ard\u0103 c\u00e2teva secunde \u00eenainte a sufla flac\u0103ra. l\u0103sa\u021bi-l mocneasc\u0103 \u0219i evapora\u021bi fumul peste corpul dvs. sau orice obiecte pe care dori\u021bi le cur\u0103\u021ba\u021bi, inclusiv \u00eentreaga camer\u0103, \u00een toat\u0103 casa ma\u0219in\u0103.<br \/>Palo Santo are un parfum u\u0219or, dulce, similar cu cel al t\u0103m\u00e2iei \u0219i Neroli. Majoritatea oamenilor pot sim\u021bi imediat efectele benefice de purificare, chiar dac\u0103 de obicei nu sunt sensibile la energie.<br \/>A nu se l\u0103sa la \u00eendem\u00e2na copiilor \u0219i a animalelor de companie.<\/p>","protected":false},"featured_media":3107,"comment_status":"closed","ping_status":"open","template":"","meta":[],"product_cat":[72],"product_tag":[],"_links":{"self":[{"href":"https:\/\/chakrashop.ro\/hu\/wp-json\/wp\/v2\/product\/5422"}],"collection":[{"href":"https:\/\/chakrashop.ro\/hu\/wp-json\/wp\/v2\/product"}],"about":[{"href":"https:\/\/chakrashop.ro\/hu\/wp-json\/wp\/v2\/types\/product"}],"replies":[{"embeddable":true,"href":"https:\/\/chakrashop.ro\/hu\/wp-json\/wp\/v2\/comments?post=5422"}],"wp:featuredmedia":[{"embeddable":true,"href":"https:\/\/chakrashop.ro\/hu\/wp-json\/wp\/v2\/media\/3107"}],"wp:attachment":[{"href":"https:\/\/chakrashop.ro\/hu\/wp-json\/wp\/v2\/media?parent=5422"}],"wp:term":[{"taxonomy":"product_cat","embeddable":true,"href":"https:\/\/chakrashop.ro\/hu\/wp-json\/wp\/v2\/product_cat?post=5422"},{"taxonomy":"product_tag","embeddable":true,"href":"https:\/\/chakrashop.ro\/hu\/wp-json\/wp\/v2\/product_tag?post=5422"}],"curies":[{"name":"wp","href":"https:\/\/api.w.org\/{rel}","templated":true}]}}