{"id":5424,"date":"2021-07-29T13:59:55","date_gmt":"2021-07-29T10:59:55","guid":{"rendered":"https:\/\/chakrashop.ro\/product\/5424\/"},"modified":"2021-07-29T13:59:55","modified_gmt":"2021-07-29T10:59:55","slug":"tamaie-naturala","status":"publish","type":"product","link":"https:\/\/chakrashop.ro\/hu\/product\/tamaie-naturala\/","title":{"rendered":"T\u0103m\u00e2ie Natural\u0103"},"content":{"rendered":"","protected":false},"excerpt":{"rendered":"<p>R\u0103\u0219in\u0103 natural\u0103 de t\u0103m\u00e2ie<br \/>Un pachet con\u021bine 5 gr.<br R\u0103\u0219ina de t\u0103m\u00e2ie este adunat\u0103 f\u0103c\u00e2nd incizii \u00een arborele mic, foioase, Boswellia sacra. Pasul de culoare galben\u0103 este adesea folosit ca t\u0103m\u00e2ie sau \u00een parfumerie. T\u0103m\u00e2ia a fost considerat\u0103 o plant\u0103 a spiritualit\u0103\u021bii cu tradi\u021bii care dateaz\u0103 de mii de ani. R\u0103\u0219ina aromatic\u0103 poate fi utilizat\u0103 singur\u0103 sau amestecat\u0103 \u00een formule de t\u0103m\u00e2ie. T\u0103m\u00e2ia \u0219i uleiul produs din aceasta sunt cunoscute pentru puterile sale magice \u0219i capacitatea sa de a \u00eembun\u0103t\u0103\u021bi comunicarea cu creatorul. \u00cen Orientul Mijlociu exist\u0103 de mii de ani, dinainte de a fi fost f\u0103cut cadou lui Hristos de c\u0103tre Magi. Exist\u0103 peste 52 de referin\u021be la t\u0103m\u00e2ie \u00een Biblie. \u00cenregistr\u0103rile egiptene arat\u0103 o mul\u021bime de referin\u021be la aceasta, inclusiv utilizarea sa \u00een produse cosmetice, parfumuri \u0219i ca agent de \u00eemb\u0103ls\u0103mare. Recoltarea r\u0103\u0219inilor are loc \u00een timpul sezonului uscat, deoarece acestea sunt u\u0219or deteriorate de ploaie. Un num\u0103r de incizii sunt f\u0103cute \u00een scoar\u021b\u0103, iar r\u0103\u0219inile gingivale sunt l\u0103sate s\u0103 curg\u0103 \u0219i s\u0103 se solidifice timp de c\u00e2teva s\u0103pt\u0103m\u00e2ni. Recoltatorii se \u00eentorc apoi la fiecare copac pentru a colecta r\u0103\u0219ina. R\u0103\u0219inile sunt apoi transportate \u00een satele locale, unde sunt uscate \u00een continuare la umbr\u0103. T\u0103m\u00e2ia este membru al familiei Burseraceae.\n<\/p>","protected":false},"featured_media":3111,"comment_status":"closed","ping_status":"open","template":"","meta":[],"product_cat":[72],"product_tag":[],"_links":{"self":[{"href":"https:\/\/chakrashop.ro\/hu\/wp-json\/wp\/v2\/product\/5424"}],"collection":[{"href":"https:\/\/chakrashop.ro\/hu\/wp-json\/wp\/v2\/product"}],"about":[{"href":"https:\/\/chakrashop.ro\/hu\/wp-json\/wp\/v2\/types\/product"}],"replies":[{"embeddable":true,"href":"https:\/\/chakrashop.ro\/hu\/wp-json\/wp\/v2\/comments?post=5424"}],"wp:featuredmedia":[{"embeddable":true,"href":"https:\/\/chakrashop.ro\/hu\/wp-json\/wp\/v2\/media\/3111"}],"wp:attachment":[{"href":"https:\/\/chakrashop.ro\/hu\/wp-json\/wp\/v2\/media?parent=5424"}],"wp:term":[{"taxonomy":"product_cat","embeddable":true,"href":"https:\/\/chakrashop.ro\/hu\/wp-json\/wp\/v2\/product_cat?post=5424"},{"taxonomy":"product_tag","embeddable":true,"href":"https:\/\/chakrashop.ro\/hu\/wp-json\/wp\/v2\/product_tag?post=5424"}],"curies":[{"name":"wp","href":"https:\/\/api.w.org\/{rel}","templated":true}]}}