{"id":5427,"date":"2021-07-29T13:59:57","date_gmt":"2021-07-29T10:59:57","guid":{"rendered":"https:\/\/chakrashop.ro\/product\/5427\/"},"modified":"2023-02-13T10:42:55","modified_gmt":"2023-02-13T08:42:55","slug":"conuri-parfumate-cu-reflux-white-sage","status":"publish","type":"product","link":"https:\/\/chakrashop.ro\/hu\/product\/conuri-parfumate-cu-reflux-white-sage\/","title":{"rendered":"Conuri Parfumate cu Reflux White Sage"},"content":{"rendered":"","protected":false},"excerpt":{"rendered":"<p>Conuri cu reflux White Sage<br \/>Conuri de t\u0103m\u00e2ie pentru arz\u0103toarele de t\u0103m\u00e2ie. Prin orificiile de aer, fumul curge \u00een jos ca o cascad\u0103 \u0219i creeaz\u0103 un frumos efect senin.<br \/>Mod de utilizare :<br \/>Arde\u021bi v\u00e2rful conului de t\u0103m\u00e2ie \u0219i a\u0219tepta\u021bi s\u0103 ard\u0103 uniform. Sufla\u021bi flac\u0103ra \u0219i plasa\u021bi conul pe arz\u0103torul de t\u0103m\u00e2ie.<br \/>Un pachet con\u021bine 24 de conuri.<\/p>","protected":false},"featured_media":5880,"comment_status":"closed","ping_status":"closed","template":"","meta":[],"product_cat":[72],"product_tag":[],"_links":{"self":[{"href":"https:\/\/chakrashop.ro\/hu\/wp-json\/wp\/v2\/product\/5427"}],"collection":[{"href":"https:\/\/chakrashop.ro\/hu\/wp-json\/wp\/v2\/product"}],"about":[{"href":"https:\/\/chakrashop.ro\/hu\/wp-json\/wp\/v2\/types\/product"}],"replies":[{"embeddable":true,"href":"https:\/\/chakrashop.ro\/hu\/wp-json\/wp\/v2\/comments?post=5427"}],"wp:featuredmedia":[{"embeddable":true,"href":"https:\/\/chakrashop.ro\/hu\/wp-json\/wp\/v2\/media\/5880"}],"wp:attachment":[{"href":"https:\/\/chakrashop.ro\/hu\/wp-json\/wp\/v2\/media?parent=5427"}],"wp:term":[{"taxonomy":"product_cat","embeddable":true,"href":"https:\/\/chakrashop.ro\/hu\/wp-json\/wp\/v2\/product_cat?post=5427"},{"taxonomy":"product_tag","embeddable":true,"href":"https:\/\/chakrashop.ro\/hu\/wp-json\/wp\/v2\/product_tag?post=5427"}],"curies":[{"name":"wp","href":"https:\/\/api.w.org\/{rel}","templated":true}]}}