{"id":5428,"date":"2021-07-29T13:59:59","date_gmt":"2021-07-29T10:59:59","guid":{"rendered":"https:\/\/chakrashop.ro\/product\/5428\/"},"modified":"2023-09-19T14:26:03","modified_gmt":"2023-09-19T11:26:03","slug":"suport-betisoare-parfumate-buddha","status":"publish","type":"product","link":"https:\/\/chakrashop.ro\/hu\/product\/suport-betisoare-parfumate-buddha\/","title":{"rendered":"Suport Be\u021bi\u0219oare Parfumate Buddha"},"content":{"rendered":"","protected":false},"excerpt":{"rendered":"<p>Suport betisoare parfumate \u00een form\u0103 de frunz\u0103 cu Buddha<br fabricat din aluminiu.<br \/>Dimensiune : 25 x 5 cm.<\/p>","protected":false},"featured_media":5881,"comment_status":"closed","ping_status":"closed","template":"","meta":[],"product_cat":[72],"product_tag":[],"_links":{"self":[{"href":"https:\/\/chakrashop.ro\/hu\/wp-json\/wp\/v2\/product\/5428"}],"collection":[{"href":"https:\/\/chakrashop.ro\/hu\/wp-json\/wp\/v2\/product"}],"about":[{"href":"https:\/\/chakrashop.ro\/hu\/wp-json\/wp\/v2\/types\/product"}],"replies":[{"embeddable":true,"href":"https:\/\/chakrashop.ro\/hu\/wp-json\/wp\/v2\/comments?post=5428"}],"wp:featuredmedia":[{"embeddable":true,"href":"https:\/\/chakrashop.ro\/hu\/wp-json\/wp\/v2\/media\/5881"}],"wp:attachment":[{"href":"https:\/\/chakrashop.ro\/hu\/wp-json\/wp\/v2\/media?parent=5428"}],"wp:term":[{"taxonomy":"product_cat","embeddable":true,"href":"https:\/\/chakrashop.ro\/hu\/wp-json\/wp\/v2\/product_cat?post=5428"},{"taxonomy":"product_tag","embeddable":true,"href":"https:\/\/chakrashop.ro\/hu\/wp-json\/wp\/v2\/product_tag?post=5428"}],"curies":[{"name":"wp","href":"https:\/\/api.w.org\/{rel}","templated":true}]}}