{"id":5433,"date":"2021-07-29T14:00:04","date_gmt":"2021-07-29T11:00:04","guid":{"rendered":"https:\/\/chakrashop.ro\/product\/5433\/"},"modified":"2021-07-29T14:00:04","modified_gmt":"2021-07-29T11:00:04","slug":"suport-pentru-ardere-bisericesc","status":"publish","type":"product","link":"https:\/\/chakrashop.ro\/hu\/product\/suport-pentru-ardere-bisericesc\/","title":{"rendered":"Suport pentru Ardere Bisericesc"},"content":{"rendered":"","protected":false},"excerpt":{"rendered":"<p>Arz\u0103tor de t\u0103m\u00e2ie &#8211; model suspendat &#8211; alam\u0103 &#8211; finisaj antic<br \/>Pentru arderea boabelor de t\u0103m\u00e2ie, ca \u00een Biseric\u0103.<br \/>Dimensiune : 14 cm \u00een\u0103l\u021bime.<\/p>","protected":false},"featured_media":5886,"comment_status":"closed","ping_status":"open","template":"","meta":[],"product_cat":[72],"product_tag":[],"_links":{"self":[{"href":"https:\/\/chakrashop.ro\/hu\/wp-json\/wp\/v2\/product\/5433"}],"collection":[{"href":"https:\/\/chakrashop.ro\/hu\/wp-json\/wp\/v2\/product"}],"about":[{"href":"https:\/\/chakrashop.ro\/hu\/wp-json\/wp\/v2\/types\/product"}],"replies":[{"embeddable":true,"href":"https:\/\/chakrashop.ro\/hu\/wp-json\/wp\/v2\/comments?post=5433"}],"wp:featuredmedia":[{"embeddable":true,"href":"https:\/\/chakrashop.ro\/hu\/wp-json\/wp\/v2\/media\/5886"}],"wp:attachment":[{"href":"https:\/\/chakrashop.ro\/hu\/wp-json\/wp\/v2\/media?parent=5433"}],"wp:term":[{"taxonomy":"product_cat","embeddable":true,"href":"https:\/\/chakrashop.ro\/hu\/wp-json\/wp\/v2\/product_cat?post=5433"},{"taxonomy":"product_tag","embeddable":true,"href":"https:\/\/chakrashop.ro\/hu\/wp-json\/wp\/v2\/product_tag?post=5433"}],"curies":[{"name":"wp","href":"https:\/\/api.w.org\/{rel}","templated":true}]}}