{"id":5434,"date":"2021-07-29T14:00:04","date_gmt":"2021-07-29T11:00:04","guid":{"rendered":"https:\/\/chakrashop.ro\/product\/5434\/"},"modified":"2023-09-19T14:23:53","modified_gmt":"2023-09-19T11:23:53","slug":"suport-conuri-parfumate-cu-reflux-buddha","status":"publish","type":"product","link":"https:\/\/chakrashop.ro\/hu\/product\/suport-conuri-parfumate-cu-reflux-buddha\/","title":{"rendered":"Suport Conuri Parfumate cu Reflux Buddha"},"content":{"rendered":"","protected":false},"excerpt":{"rendered":"<p>Suport conuri parfumate cu reflux Buddha din ceramic\u0103<br \/>\nFumul nu se ridic\u0103, ci curge \u00een jos, ca o cascad\u0103. Creeaz\u0103 un frumos efect senin.<br \/>\nComanda\u021bi separat conurile corespunz\u0103toare de t\u0103m\u00e2ie.<br \/>\nNu func\u021bioneaz\u0103 cu conuri regulate de t\u0103m\u00e2ie.<br \/>\nDimensiune : 12 x 10 x 9 cm.<\/p>","protected":false},"featured_media":6049,"comment_status":"closed","ping_status":"closed","template":"","meta":[],"product_cat":[72],"product_tag":[],"_links":{"self":[{"href":"https:\/\/chakrashop.ro\/hu\/wp-json\/wp\/v2\/product\/5434"}],"collection":[{"href":"https:\/\/chakrashop.ro\/hu\/wp-json\/wp\/v2\/product"}],"about":[{"href":"https:\/\/chakrashop.ro\/hu\/wp-json\/wp\/v2\/types\/product"}],"replies":[{"embeddable":true,"href":"https:\/\/chakrashop.ro\/hu\/wp-json\/wp\/v2\/comments?post=5434"}],"wp:featuredmedia":[{"embeddable":true,"href":"https:\/\/chakrashop.ro\/hu\/wp-json\/wp\/v2\/media\/6049"}],"wp:attachment":[{"href":"https:\/\/chakrashop.ro\/hu\/wp-json\/wp\/v2\/media?parent=5434"}],"wp:term":[{"taxonomy":"product_cat","embeddable":true,"href":"https:\/\/chakrashop.ro\/hu\/wp-json\/wp\/v2\/product_cat?post=5434"},{"taxonomy":"product_tag","embeddable":true,"href":"https:\/\/chakrashop.ro\/hu\/wp-json\/wp\/v2\/product_tag?post=5434"}],"curies":[{"name":"wp","href":"https:\/\/api.w.org\/{rel}","templated":true}]}}