{"id":5435,"date":"2021-07-29T14:00:05","date_gmt":"2021-07-29T11:00:05","guid":{"rendered":"https:\/\/chakrashop.ro\/product\/5435\/"},"modified":"2022-09-26T10:54:37","modified_gmt":"2022-09-26T07:54:37","slug":"suport-conuri-parfumate-cu-reflux-lotus","status":"publish","type":"product","link":"https:\/\/chakrashop.ro\/hu\/product\/suport-conuri-parfumate-cu-reflux-lotus\/","title":{"rendered":"Suport Conuri Parfumate cu Reflux Lotus"},"content":{"rendered":"","protected":false},"excerpt":{"rendered":"<p>Suport conuri parfumate cu reflux Lotus \u00eentr-un iaz din ceramic\u0103<br \/>\nFumul nu se ridic\u0103, ci curge pe dou\u0103 platouri, ca o cascad\u0103. Creeaz\u0103 un frumos efect senin.<br \/>\nComanda\u021bi separat conurile corespunz\u0103toare de t\u0103m\u00e2ie.<br \/>\nNu func\u021bioneaz\u0103 cu conuri regulate de t\u0103m\u00e2ie.<br \/>\nDimensiune : 11 x 8 x 6 cm.<\/p>","protected":false},"featured_media":6047,"comment_status":"closed","ping_status":"closed","template":"","meta":[],"product_cat":[72],"product_tag":[],"_links":{"self":[{"href":"https:\/\/chakrashop.ro\/hu\/wp-json\/wp\/v2\/product\/5435"}],"collection":[{"href":"https:\/\/chakrashop.ro\/hu\/wp-json\/wp\/v2\/product"}],"about":[{"href":"https:\/\/chakrashop.ro\/hu\/wp-json\/wp\/v2\/types\/product"}],"replies":[{"embeddable":true,"href":"https:\/\/chakrashop.ro\/hu\/wp-json\/wp\/v2\/comments?post=5435"}],"wp:featuredmedia":[{"embeddable":true,"href":"https:\/\/chakrashop.ro\/hu\/wp-json\/wp\/v2\/media\/6047"}],"wp:attachment":[{"href":"https:\/\/chakrashop.ro\/hu\/wp-json\/wp\/v2\/media?parent=5435"}],"wp:term":[{"taxonomy":"product_cat","embeddable":true,"href":"https:\/\/chakrashop.ro\/hu\/wp-json\/wp\/v2\/product_cat?post=5435"},{"taxonomy":"product_tag","embeddable":true,"href":"https:\/\/chakrashop.ro\/hu\/wp-json\/wp\/v2\/product_tag?post=5435"}],"curies":[{"name":"wp","href":"https:\/\/api.w.org\/{rel}","templated":true}]}}