{"id":5438,"date":"2021-07-29T14:00:08","date_gmt":"2021-07-29T11:00:08","guid":{"rendered":"https:\/\/chakrashop.ro\/product\/5438\/"},"modified":"2021-07-29T14:00:08","modified_gmt":"2021-07-29T11:00:08","slug":"praf-fumigen-tibetan-medicine-buddha","status":"publish","type":"product","link":"https:\/\/chakrashop.ro\/hu\/product\/praf-fumigen-tibetan-medicine-buddha\/","title":{"rendered":"Praf Fumigen Tibetan Medicine Buddha"},"content":{"rendered":"","protected":false},"excerpt":{"rendered":"<p>Pudr\u0103 de t\u0103m\u00e2ie tibetan\u0103 Buddha Medicinal\u0103<br \/>T\u0103m\u00e2ie original\u0103 Gangchen, preparat\u0103 de c\u0103lug\u0103ri din regiunea Himalaya conform re\u021betei tradi\u021bionale.<br \/>Pung\u0103 de 40 grame pulbere de t\u0103m\u00e2ie.<br \/>Ingrediente 100% naturale<\/p>","protected":false},"featured_media":5889,"comment_status":"closed","ping_status":"open","template":"","meta":[],"product_cat":[72],"product_tag":[],"_links":{"self":[{"href":"https:\/\/chakrashop.ro\/hu\/wp-json\/wp\/v2\/product\/5438"}],"collection":[{"href":"https:\/\/chakrashop.ro\/hu\/wp-json\/wp\/v2\/product"}],"about":[{"href":"https:\/\/chakrashop.ro\/hu\/wp-json\/wp\/v2\/types\/product"}],"replies":[{"embeddable":true,"href":"https:\/\/chakrashop.ro\/hu\/wp-json\/wp\/v2\/comments?post=5438"}],"wp:featuredmedia":[{"embeddable":true,"href":"https:\/\/chakrashop.ro\/hu\/wp-json\/wp\/v2\/media\/5889"}],"wp:attachment":[{"href":"https:\/\/chakrashop.ro\/hu\/wp-json\/wp\/v2\/media?parent=5438"}],"wp:term":[{"taxonomy":"product_cat","embeddable":true,"href":"https:\/\/chakrashop.ro\/hu\/wp-json\/wp\/v2\/product_cat?post=5438"},{"taxonomy":"product_tag","embeddable":true,"href":"https:\/\/chakrashop.ro\/hu\/wp-json\/wp\/v2\/product_tag?post=5438"}],"curies":[{"name":"wp","href":"https:\/\/api.w.org\/{rel}","templated":true}]}}