{"id":5439,"date":"2021-07-29T14:00:09","date_gmt":"2021-07-29T11:00:09","guid":{"rendered":"https:\/\/chakrashop.ro\/product\/5439\/"},"modified":"2021-07-29T14:00:09","modified_gmt":"2021-07-29T11:00:09","slug":"praf-fumigen-tibetan-white-tara","status":"publish","type":"product","link":"https:\/\/chakrashop.ro\/hu\/product\/praf-fumigen-tibetan-white-tara\/","title":{"rendered":"Praf Fumigen Tibetan White Tara"},"content":{"rendered":"","protected":false},"excerpt":{"rendered":"<p>Pudr\u0103 de t\u0103m\u00e2ie tibetan\u0103 Tara Alb\u0103<br \/>T\u0103m\u00e2ie original\u0103 Gangchen, preparat\u0103 de c\u0103lug\u0103ri din regiunea Himalaya conform re\u021betei tradi\u021bionale.<br \/>Pung\u0103 de 40 grame pulbere de t\u0103m\u00e2ie.<br \/>Ingrediente 100% naturale<\/p>","protected":false},"featured_media":5890,"comment_status":"closed","ping_status":"open","template":"","meta":[],"product_cat":[72],"product_tag":[],"_links":{"self":[{"href":"https:\/\/chakrashop.ro\/hu\/wp-json\/wp\/v2\/product\/5439"}],"collection":[{"href":"https:\/\/chakrashop.ro\/hu\/wp-json\/wp\/v2\/product"}],"about":[{"href":"https:\/\/chakrashop.ro\/hu\/wp-json\/wp\/v2\/types\/product"}],"replies":[{"embeddable":true,"href":"https:\/\/chakrashop.ro\/hu\/wp-json\/wp\/v2\/comments?post=5439"}],"wp:featuredmedia":[{"embeddable":true,"href":"https:\/\/chakrashop.ro\/hu\/wp-json\/wp\/v2\/media\/5890"}],"wp:attachment":[{"href":"https:\/\/chakrashop.ro\/hu\/wp-json\/wp\/v2\/media?parent=5439"}],"wp:term":[{"taxonomy":"product_cat","embeddable":true,"href":"https:\/\/chakrashop.ro\/hu\/wp-json\/wp\/v2\/product_cat?post=5439"},{"taxonomy":"product_tag","embeddable":true,"href":"https:\/\/chakrashop.ro\/hu\/wp-json\/wp\/v2\/product_tag?post=5439"}],"curies":[{"name":"wp","href":"https:\/\/api.w.org\/{rel}","templated":true}]}}