{"id":5443,"date":"2021-07-29T14:00:18","date_gmt":"2021-07-29T11:00:18","guid":{"rendered":"https:\/\/chakrashop.ro\/product\/5443\/"},"modified":"2021-08-25T22:46:37","modified_gmt":"2021-08-25T19:46:37","slug":"bol-din-onyx-natural-pentru-rituale-si-fumigene","status":"publish","type":"product","link":"https:\/\/chakrashop.ro\/hu\/product\/bol-din-onyx-natural-pentru-rituale-si-fumigene\/","title":{"rendered":"Bol din Onyx Natural pentru Rituale \u0219i Fumigene"},"content":{"rendered":"","protected":false},"excerpt":{"rendered":"<p>Bol natural din onix pentru ritualuri, t\u0103m\u00e2ie \u0219i depozitare.<br \/>\nDiametrul: 9cm<br \/>\nOnixul este o piatr\u0103 pe care a\u021bi putea s\u0103 o p\u0103stra\u021bi pentru o perioad\u0103 mai lung\u0103, pentru a v\u0103 ajuta s\u0103 face\u021bi fa\u021b\u0103 situa\u021biilor agravante \u0219i stresante. Piatra ofer\u0103 sprijin, putere \u0219i perseveren\u021b\u0103 \u0219i v\u0103 ajut\u0103 s\u0103 v\u0103 atinge\u021bi obiectivele. Stimuleaz\u0103 autorealizarea.<\/p>\n<p>Acesta este un produs natural, astfel \u00eenc\u00e2t culoarea \u0219i dimensiunea pot varia \u0219i diferi u\u0219or de imaginea prezentat\u0103.<\/p>","protected":false},"featured_media":3229,"comment_status":"closed","ping_status":"closed","template":"","meta":[],"product_cat":[72],"product_tag":[],"_links":{"self":[{"href":"https:\/\/chakrashop.ro\/hu\/wp-json\/wp\/v2\/product\/5443"}],"collection":[{"href":"https:\/\/chakrashop.ro\/hu\/wp-json\/wp\/v2\/product"}],"about":[{"href":"https:\/\/chakrashop.ro\/hu\/wp-json\/wp\/v2\/types\/product"}],"replies":[{"embeddable":true,"href":"https:\/\/chakrashop.ro\/hu\/wp-json\/wp\/v2\/comments?post=5443"}],"wp:featuredmedia":[{"embeddable":true,"href":"https:\/\/chakrashop.ro\/hu\/wp-json\/wp\/v2\/media\/3229"}],"wp:attachment":[{"href":"https:\/\/chakrashop.ro\/hu\/wp-json\/wp\/v2\/media?parent=5443"}],"wp:term":[{"taxonomy":"product_cat","embeddable":true,"href":"https:\/\/chakrashop.ro\/hu\/wp-json\/wp\/v2\/product_cat?post=5443"},{"taxonomy":"product_tag","embeddable":true,"href":"https:\/\/chakrashop.ro\/hu\/wp-json\/wp\/v2\/product_tag?post=5443"}],"curies":[{"name":"wp","href":"https:\/\/api.w.org\/{rel}","templated":true}]}}