{"id":5444,"date":"2021-07-29T14:00:19","date_gmt":"2021-07-29T11:00:19","guid":{"rendered":"https:\/\/chakrashop.ro\/product\/5444\/"},"modified":"2022-05-11T19:20:35","modified_gmt":"2022-05-11T16:20:35","slug":"bol-din-jad-natural-pentru-rituale-si-fumigene","status":"publish","type":"product","link":"https:\/\/chakrashop.ro\/hu\/product\/bol-din-jad-natural-pentru-rituale-si-fumigene\/","title":{"rendered":"Bol din Jad Natural pentru Rituale \u0219i Fumigene"},"content":{"rendered":"","protected":false},"excerpt":{"rendered":"<p>Bol din Jad pentru ritualuri, t\u0103m\u00e2ie \u0219i depozitare<br \/>Diametrul: 9cm<br \/>Jadul este o piatr\u0103 purificatoare care atrage prosperitatea. Se spune c\u0103 protejeaz\u0103 \u00eempotriva accidentelor \u0219i r\u0103nilor, deci este o piatr\u0103 bun\u0103 de transportat cu dvs. atunci c\u00e2nd c\u0103l\u0103tori\u021bi. Jad stimuleaz\u0103 crearea de tot felul de idei combinate cu hot\u0103r\u00e2rea de a le pune \u00een practic\u0103. Piatra promoveaz\u0103 realizarea de sine \u0219i \u00eencrederea \u00een sine \u0219i ajut\u0103 la eliberarea emo\u021biilor negative, cum ar fi agita\u021bia. Fizic, jadul are un puternic efect de cur\u0103\u021bare, elimin\u00e2nd toxinele din corp.<\/p>","protected":false},"featured_media":3228,"comment_status":"closed","ping_status":"closed","template":"","meta":[],"product_cat":[72],"product_tag":[],"_links":{"self":[{"href":"https:\/\/chakrashop.ro\/hu\/wp-json\/wp\/v2\/product\/5444"}],"collection":[{"href":"https:\/\/chakrashop.ro\/hu\/wp-json\/wp\/v2\/product"}],"about":[{"href":"https:\/\/chakrashop.ro\/hu\/wp-json\/wp\/v2\/types\/product"}],"replies":[{"embeddable":true,"href":"https:\/\/chakrashop.ro\/hu\/wp-json\/wp\/v2\/comments?post=5444"}],"wp:featuredmedia":[{"embeddable":true,"href":"https:\/\/chakrashop.ro\/hu\/wp-json\/wp\/v2\/media\/3228"}],"wp:attachment":[{"href":"https:\/\/chakrashop.ro\/hu\/wp-json\/wp\/v2\/media?parent=5444"}],"wp:term":[{"taxonomy":"product_cat","embeddable":true,"href":"https:\/\/chakrashop.ro\/hu\/wp-json\/wp\/v2\/product_cat?post=5444"},{"taxonomy":"product_tag","embeddable":true,"href":"https:\/\/chakrashop.ro\/hu\/wp-json\/wp\/v2\/product_tag?post=5444"}],"curies":[{"name":"wp","href":"https:\/\/api.w.org\/{rel}","templated":true}]}}