{"id":5449,"date":"2021-07-29T14:00:23","date_gmt":"2021-07-29T11:00:23","guid":{"rendered":"https:\/\/chakrashop.ro\/product\/5449\/"},"modified":"2022-09-26T10:54:02","modified_gmt":"2022-09-26T07:54:02","slug":"suport-lumanare-buddha-17cm","status":"publish","type":"product","link":"https:\/\/chakrashop.ro\/hu\/product\/suport-lumanare-buddha-17cm\/","title":{"rendered":"Suport Lum\u00e2nare Buddha 17cm"},"content":{"rendered":"","protected":false},"excerpt":{"rendered":"<p>Buddha relaxant cu suport pentru lum\u00e2n\u0103ri \u00een form\u0103 de lotus<br \/>Material : Polyresin<br \/>Dimensiune : 17,5 cm<\/p>","protected":false},"featured_media":3121,"comment_status":"closed","ping_status":"closed","template":"","meta":[],"product_cat":[73],"product_tag":[],"_links":{"self":[{"href":"https:\/\/chakrashop.ro\/hu\/wp-json\/wp\/v2\/product\/5449"}],"collection":[{"href":"https:\/\/chakrashop.ro\/hu\/wp-json\/wp\/v2\/product"}],"about":[{"href":"https:\/\/chakrashop.ro\/hu\/wp-json\/wp\/v2\/types\/product"}],"replies":[{"embeddable":true,"href":"https:\/\/chakrashop.ro\/hu\/wp-json\/wp\/v2\/comments?post=5449"}],"wp:featuredmedia":[{"embeddable":true,"href":"https:\/\/chakrashop.ro\/hu\/wp-json\/wp\/v2\/media\/3121"}],"wp:attachment":[{"href":"https:\/\/chakrashop.ro\/hu\/wp-json\/wp\/v2\/media?parent=5449"}],"wp:term":[{"taxonomy":"product_cat","embeddable":true,"href":"https:\/\/chakrashop.ro\/hu\/wp-json\/wp\/v2\/product_cat?post=5449"},{"taxonomy":"product_tag","embeddable":true,"href":"https:\/\/chakrashop.ro\/hu\/wp-json\/wp\/v2\/product_tag?post=5449"}],"curies":[{"name":"wp","href":"https:\/\/api.w.org\/{rel}","templated":true}]}}