{"id":5457,"date":"2021-07-29T14:00:31","date_gmt":"2021-07-29T11:00:31","guid":{"rendered":"https:\/\/chakrashop.ro\/product\/5457\/"},"modified":"2023-02-13T10:39:08","modified_gmt":"2023-02-13T08:39:08","slug":"suport-lumanare-lotus-alastru-inchis","status":"publish","type":"product","link":"https:\/\/chakrashop.ro\/hu\/product\/suport-lumanare-lotus-alastru-inchis\/","title":{"rendered":"Suport Lum\u00e2nare Lotus Albastru \u00cenchis"},"content":{"rendered":"","protected":false},"excerpt":{"rendered":"<p>Suport pentru lum\u00e2n\u0103ri Lotus Albastru \u00eenchis 6 &#8211; Chakra<br \/>Lotus simbolizeaz\u0103 \u00eentunericul \u00een lumin\u0103, ignoran\u021ba \u00een cunoa\u0219tere. Lotusul simbolizeaz\u0103, de asemenea, cei 7 centri de energie din corpul uman, chakrele.<br \/>Despre Capiz Shells :<br \/>Cojile Capiz sunt de fapt cochiliile exterioare ale unei molu\u0219te marine; denumirea sa \u0219tiin\u021bific\u0103 este placuna placenta, mai cunoscut\u0103 sub denumirea de \u201estridie de geam\u201d. Cojile filipineze Capiz sunt denumite astfel deoarece au fost ini\u021bial recoltate din apele de coast\u0103 pu\u021bin ad\u00e2nci din apropierea ora\u0219ului Capiz, pe insula Panay. Odat\u0103 cur\u0103\u021bate, cojile sunt translucide \u00een mod natural \u0219i, atunci c\u00e2nd sunt vopsite, permit o interac\u021biune glorioas\u0103 \u00eentre lumin\u0103 \u0219i culoare.<br \/>Material : Coaj\u0103 colorat\u0103<br \/>Dimensiune : 13,5 cm<\/p>","protected":false},"featured_media":5900,"comment_status":"closed","ping_status":"closed","template":"","meta":[],"product_cat":[73],"product_tag":[],"_links":{"self":[{"href":"https:\/\/chakrashop.ro\/hu\/wp-json\/wp\/v2\/product\/5457"}],"collection":[{"href":"https:\/\/chakrashop.ro\/hu\/wp-json\/wp\/v2\/product"}],"about":[{"href":"https:\/\/chakrashop.ro\/hu\/wp-json\/wp\/v2\/types\/product"}],"replies":[{"embeddable":true,"href":"https:\/\/chakrashop.ro\/hu\/wp-json\/wp\/v2\/comments?post=5457"}],"wp:featuredmedia":[{"embeddable":true,"href":"https:\/\/chakrashop.ro\/hu\/wp-json\/wp\/v2\/media\/5900"}],"wp:attachment":[{"href":"https:\/\/chakrashop.ro\/hu\/wp-json\/wp\/v2\/media?parent=5457"}],"wp:term":[{"taxonomy":"product_cat","embeddable":true,"href":"https:\/\/chakrashop.ro\/hu\/wp-json\/wp\/v2\/product_cat?post=5457"},{"taxonomy":"product_tag","embeddable":true,"href":"https:\/\/chakrashop.ro\/hu\/wp-json\/wp\/v2\/product_tag?post=5457"}],"curies":[{"name":"wp","href":"https:\/\/api.w.org\/{rel}","templated":true}]}}