{"id":5466,"date":"2021-07-29T14:00:41","date_gmt":"2021-07-29T11:00:41","guid":{"rendered":"https:\/\/chakrashop.ro\/product\/5466\/"},"modified":"2021-07-29T14:00:41","modified_gmt":"2021-07-29T11:00:41","slug":"lumanare-aromateraphy-palo-santo","status":"publish","type":"product","link":"https:\/\/chakrashop.ro\/hu\/product\/lumanare-aromateraphy-palo-santo\/","title":{"rendered":"Lum\u00e2nare Aromateraphy Palo Santo"},"content":{"rendered":"","protected":false},"excerpt":{"rendered":"<p>Lum\u00e2nare Aromaterapie Palo Santo<br \/>Material : Cear\u0103, Sticl\u0103<br \/>Dimensiune : 6 x 6 x 6 cm<br \/>Parfum : Palo Santo<br \/>Lum\u00e2nare parfumat\u0103, cear\u0103 de rapi\u021b\u0103 ecologic\u0103 100% vegetal\u0103 \u00een sticl\u0103 reciclat\u0103. Lum\u00e2narea este f\u0103cut\u0103 \u00eentr-un mod tradi\u021bional \u00een Belgia, cu uleiuri parfumate f\u0103r\u0103 parabeni. Biodegradabil \u0219i, prin urmare, inofensiv pentru oameni \u0219i mediu.<br \/>Specifica\u021biile produsului :<br \/>Timp de ardere 25 de ore.<br \/>Rapi\u021b\u0103 nemodificat\u0103 din Germania.<br \/>Sticl\u0103 p\u0103trat\u0103 reciclat\u0103.<br \/>Ceara de rapi\u021b\u0103 :<br \/>Ceara de rapi\u021b\u0103 este fabricat\u0103 din ulei de rapi\u021b\u0103, nu con\u021bine ingrediente toxice \u0219i nu d\u0103uneaz\u0103 mediului. Dimpotriv\u0103, rapi\u021ba ajut\u0103 \u0219i protejeaz\u0103 solul pentru viitoarele culturi, \u00een timp ce planta produce ulei \u0219i hran\u0103 pentru animale. De asemenea, ceara nu este periculoas\u0103 pentru oameni \u0219i animale s\u0103lbatice \u0219i are o amprent\u0103 de carbon mai mic\u0103 dec\u00e2t de exemplu ceara de soia, deoarece este cultivat\u0103 \u0219i procesat\u0103 \u00een Europa.<\/p>","protected":false},"featured_media":3174,"comment_status":"closed","ping_status":"open","template":"","meta":[],"product_cat":[73],"product_tag":[],"_links":{"self":[{"href":"https:\/\/chakrashop.ro\/hu\/wp-json\/wp\/v2\/product\/5466"}],"collection":[{"href":"https:\/\/chakrashop.ro\/hu\/wp-json\/wp\/v2\/product"}],"about":[{"href":"https:\/\/chakrashop.ro\/hu\/wp-json\/wp\/v2\/types\/product"}],"replies":[{"embeddable":true,"href":"https:\/\/chakrashop.ro\/hu\/wp-json\/wp\/v2\/comments?post=5466"}],"wp:featuredmedia":[{"embeddable":true,"href":"https:\/\/chakrashop.ro\/hu\/wp-json\/wp\/v2\/media\/3174"}],"wp:attachment":[{"href":"https:\/\/chakrashop.ro\/hu\/wp-json\/wp\/v2\/media?parent=5466"}],"wp:term":[{"taxonomy":"product_cat","embeddable":true,"href":"https:\/\/chakrashop.ro\/hu\/wp-json\/wp\/v2\/product_cat?post=5466"},{"taxonomy":"product_tag","embeddable":true,"href":"https:\/\/chakrashop.ro\/hu\/wp-json\/wp\/v2\/product_tag?post=5466"}],"curies":[{"name":"wp","href":"https:\/\/api.w.org\/{rel}","templated":true}]}}