{"id":5475,"date":"2021-07-29T14:00:46","date_gmt":"2021-07-29T11:00:46","guid":{"rendered":"https:\/\/chakrashop.ro\/product\/5475\/"},"modified":"2022-09-26T10:50:55","modified_gmt":"2022-09-26T07:50:55","slug":"lumanare-aromateraphy-flower-of-life-2","status":"publish","type":"product","link":"https:\/\/chakrashop.ro\/hu\/product\/lumanare-aromateraphy-flower-of-life-2\/","title":{"rendered":"Lum\u00e2nare Aromateraphy Flower Of Life"},"content":{"rendered":"","protected":false},"excerpt":{"rendered":"<p>Lum\u00e2nare Aromaterapie Floarea Vie\u021bii<br \/>Parfumat cu uleiuri esen\u021biale: ment\u0103, iarb\u0103 de l\u0103m\u00e2ie \u0219i t\u0103m\u00e2ie<br \/>Certificat de comer\u021b echitabil (WFTO).<br \/>Cear\u0103 de palmier 100% vegetal\u0103 dintr-o agricultur\u0103 durabil\u0103.<br \/>Timp de ardere : 100 de ore.<br \/>Fitil de bumbac, flac\u0103r\u0103 stabil\u0103, f\u0103r\u0103 fum.<br \/>Vine \u00eentr-o cutie cadou ecologic\u0103, cu coaster de plut\u0103.<br \/>Aprinderea unei lum\u00e2n\u0103ri :<br \/>\u00cen multe tradi\u021bii din lumea noastr\u0103, aprinderea unei lum\u00e2n\u0103ri implic\u0103 un act sacru, ceea ce \u00eenseamn\u0103 mai mult dec\u00e2t pot spune cuvintele; totul este despre recuno\u0219tin\u021b\u0103. Din timpuri imemoriale, omul aprinde lum\u00e2n\u0103ri \u00een locuri sacre. Poate a\u021bi dori s\u0103 \u00eencepe\u021bi sau s\u0103 v\u0103 \u00eencheia\u021bi ziua cu acest ritual simplu &#8211; aprinderea unei lum\u00e2n\u0103ri cu aten\u021bie pentru dvs. \u0219i pentru ceilal\u021bi.<br \/>Comer\u021b manual \u0219i echitabil din Indonezia<br \/>Aceste lum\u00e2n\u0103ri sunt realizate manual \u00een Indonezia de c\u0103tre o companie de comer\u021b echitabil (certificat WFTO). Producerea lum\u00e2n\u0103rilor se face \u00een mod inten\u021bionat manual, oferind astfel un loc de munc\u0103 pentru c\u00e2t mai mul\u021bi oameni posibil. Optzeci la sut\u0103 dintre angaja\u021bi sunt femei. Lum\u00e2n\u0103rile sunt ambalate \u00een ambalaje reciclabile, fiind astfel prietenoase cu mediul.<\/p>","protected":false},"featured_media":5909,"comment_status":"closed","ping_status":"closed","template":"","meta":[],"product_cat":[73],"product_tag":[],"_links":{"self":[{"href":"https:\/\/chakrashop.ro\/hu\/wp-json\/wp\/v2\/product\/5475"}],"collection":[{"href":"https:\/\/chakrashop.ro\/hu\/wp-json\/wp\/v2\/product"}],"about":[{"href":"https:\/\/chakrashop.ro\/hu\/wp-json\/wp\/v2\/types\/product"}],"replies":[{"embeddable":true,"href":"https:\/\/chakrashop.ro\/hu\/wp-json\/wp\/v2\/comments?post=5475"}],"wp:featuredmedia":[{"embeddable":true,"href":"https:\/\/chakrashop.ro\/hu\/wp-json\/wp\/v2\/media\/5909"}],"wp:attachment":[{"href":"https:\/\/chakrashop.ro\/hu\/wp-json\/wp\/v2\/media?parent=5475"}],"wp:term":[{"taxonomy":"product_cat","embeddable":true,"href":"https:\/\/chakrashop.ro\/hu\/wp-json\/wp\/v2\/product_cat?post=5475"},{"taxonomy":"product_tag","embeddable":true,"href":"https:\/\/chakrashop.ro\/hu\/wp-json\/wp\/v2\/product_tag?post=5475"}],"curies":[{"name":"wp","href":"https:\/\/api.w.org\/{rel}","templated":true}]}}