{"id":5477,"date":"2021-07-29T14:00:47","date_gmt":"2021-07-29T11:00:47","guid":{"rendered":"https:\/\/chakrashop.ro\/product\/5477\/"},"modified":"2022-09-26T10:50:12","modified_gmt":"2022-09-26T07:50:12","slug":"lumanare-rainbow","status":"publish","type":"product","link":"https:\/\/chakrashop.ro\/hu\/product\/lumanare-rainbow\/","title":{"rendered":"Lum\u00e2nare Rainbow"},"content":{"rendered":"","protected":false},"excerpt":{"rendered":"<p>Lum\u00e2nare curcubeu<br \/>Lum\u00e2nare stearin\u0103 100% natural\u0103 \u00een sticl\u0103 reciclat\u0103.<br \/>Certificat de comer\u021b echitabil (WFTO).<br \/>Ceara de palmier 100% vegetal\u0103 din agricultur\u0103 durabil\u0103<br \/>Mirosuri pe o baz\u0103 de uleiuri esen\u021biale : cedru, brad de argint \u0219i rozmarin.<br \/>Timp de ardere : 100 de ore.<br \/>Cutie cadou-eco din carton.<br \/>Coaster de plut\u0103 inclus.<br \/>Aprinderea unei lum\u00e2n\u0103ri<br \/>\u00cen multe tradi\u021bii din lumea noastr\u0103, aprinderea unei lum\u00e2n\u0103ri implic\u0103 un act sacru, ceea ce \u00eenseamn\u0103 mai mult dec\u00e2t pot spune cuvintele; totul este despre recuno\u0219tin\u021b\u0103. Din timpuri imemoriale, omul aprinde lum\u00e2n\u0103ri \u00een locuri sacre. Poate a\u021bi dori s\u0103 \u00eencepe\u021bi sau s\u0103 v\u0103 \u00eencheia\u021bi ziua cu acest ritual simplu &#8211; aprinderea unei lum\u00e2n\u0103ri cu aten\u021bie pentru dvs. \u0219i pentru ceilal\u021bi.<br \/>Comer\u021b manual \u0219i echitabil din Indonezia<br \/>Aceste lum\u00e2n\u0103ri sunt realizate manual \u00een Indonezia de c\u0103tre o companie de comer\u021b echitabil (certificat WFTO). Producerea lum\u00e2n\u0103rilor se face \u00een mod inten\u021bionat manual, oferind astfel un loc de munc\u0103 pentru c\u00e2t mai mul\u021bi oameni posibil. Optzeci la sut\u0103 dintre angaja\u021bi sunt femei. Lum\u00e2n\u0103rile sunt ambalate \u00een ambalaje reciclabile, fiind astfel prietenoase cu mediul.<\/p>","protected":false},"featured_media":5911,"comment_status":"closed","ping_status":"closed","template":"","meta":[],"product_cat":[73],"product_tag":[],"_links":{"self":[{"href":"https:\/\/chakrashop.ro\/hu\/wp-json\/wp\/v2\/product\/5477"}],"collection":[{"href":"https:\/\/chakrashop.ro\/hu\/wp-json\/wp\/v2\/product"}],"about":[{"href":"https:\/\/chakrashop.ro\/hu\/wp-json\/wp\/v2\/types\/product"}],"replies":[{"embeddable":true,"href":"https:\/\/chakrashop.ro\/hu\/wp-json\/wp\/v2\/comments?post=5477"}],"wp:featuredmedia":[{"embeddable":true,"href":"https:\/\/chakrashop.ro\/hu\/wp-json\/wp\/v2\/media\/5911"}],"wp:attachment":[{"href":"https:\/\/chakrashop.ro\/hu\/wp-json\/wp\/v2\/media?parent=5477"}],"wp:term":[{"taxonomy":"product_cat","embeddable":true,"href":"https:\/\/chakrashop.ro\/hu\/wp-json\/wp\/v2\/product_cat?post=5477"},{"taxonomy":"product_tag","embeddable":true,"href":"https:\/\/chakrashop.ro\/hu\/wp-json\/wp\/v2\/product_tag?post=5477"}],"curies":[{"name":"wp","href":"https:\/\/api.w.org\/{rel}","templated":true}]}}