{"id":5480,"date":"2021-07-29T14:00:52","date_gmt":"2021-07-29T11:00:52","guid":{"rendered":"https:\/\/chakrashop.ro\/product\/5480\/"},"modified":"2021-08-20T19:02:44","modified_gmt":"2021-08-20T16:02:44","slug":"baston-de-ploaie-bamboo-100cm","status":"publish","type":"product","link":"https:\/\/chakrashop.ro\/hu\/product\/baston-de-ploaie-bamboo-100cm\/","title":{"rendered":"Baston de Ploaie Bamboo 100cm"},"content":{"rendered":"","protected":false},"excerpt":{"rendered":"<p>Baston de ploaie Bambus<br \/>\nMaterial : Bambus<br \/>\nLungime : 100 cm<br \/>\nDiametru : 6 cm<br \/>\nUmplut cu pietricele<br \/>\nPictat manual<br \/>\nUn baston de ploaie este un tub lung, gol, par\u021bial umplut cu pietricele mici sau fasole, care are ace mici sau spini dispu\u0219i elicoidal pe suprafa\u021ba sa interioar\u0103. C\u00e2nd b\u0103\u021bul este r\u0103sturnat, pietricelele cad la cel\u0103lalt cap\u0103t al tubului, s\u0103rind de pe proeminen\u021bele interne pentru a crea un sunet care aminte\u0219te de ploaia care cade. Se crede c\u0103 bastonul de ploaie a fost inventat de mapuche \u0219i a fost jucat \u00een credin\u021ba c\u0103 ar putea provoca furtuni de ploaie. A fost g\u0103sit \u0219i pe coastele chiliene, de\u0219i nu este sigur dac\u0103 a fost realizat de inca\u0219i. Bastoanele de ploaie sunt fabricate de obicei din oricare dintre mai multe specii de cactus, cum ar fi Eulychnia acida \u0219i Echinopsis pachanoi. Cactu\u0219ii, care sunt goi, sunt usca\u021bi la soare. Spinele sunt \u00eendep\u0103rtate, apoi introduse \u00een cactus ca unghiile. Pietricele sau alte obiecte mici sunt plasate \u00een interiorul bastonului de ploaie, iar capetele sunt sigilate. Un sunet ca apa care cade se produce atunci c\u00e2nd direc\u021bia bastonului este schimbat\u0103 \u00een pozi\u021bie vertical\u0103.<br \/>\nInstrumentele similare pot fi g\u0103site \u0219i \u00een Asia de Sud-Est, Australia \u0219i Africa, unde sunt adesea fabricate folosind bambus, mai degrab\u0103 dec\u00e2t cactus uscat.<br \/>\nMedita\u021bia asupra sunetului este o cale universal\u0103 c\u0103tre realizarea de sine, accesibil\u0103 tuturor \u0219i poate fi aplicat\u0103 de oameni de orice religie sau orientare spiritual\u0103.<\/p>","protected":false},"featured_media":6028,"comment_status":"closed","ping_status":"closed","template":"","meta":[],"product_cat":[74],"product_tag":[],"_links":{"self":[{"href":"https:\/\/chakrashop.ro\/hu\/wp-json\/wp\/v2\/product\/5480"}],"collection":[{"href":"https:\/\/chakrashop.ro\/hu\/wp-json\/wp\/v2\/product"}],"about":[{"href":"https:\/\/chakrashop.ro\/hu\/wp-json\/wp\/v2\/types\/product"}],"replies":[{"embeddable":true,"href":"https:\/\/chakrashop.ro\/hu\/wp-json\/wp\/v2\/comments?post=5480"}],"wp:featuredmedia":[{"embeddable":true,"href":"https:\/\/chakrashop.ro\/hu\/wp-json\/wp\/v2\/media\/6028"}],"wp:attachment":[{"href":"https:\/\/chakrashop.ro\/hu\/wp-json\/wp\/v2\/media?parent=5480"}],"wp:term":[{"taxonomy":"product_cat","embeddable":true,"href":"https:\/\/chakrashop.ro\/hu\/wp-json\/wp\/v2\/product_cat?post=5480"},{"taxonomy":"product_tag","embeddable":true,"href":"https:\/\/chakrashop.ro\/hu\/wp-json\/wp\/v2\/product_tag?post=5480"}],"curies":[{"name":"wp","href":"https:\/\/api.w.org\/{rel}","templated":true}]}}