{"id":5483,"date":"2021-07-29T14:00:54","date_gmt":"2021-07-29T11:00:54","guid":{"rendered":"https:\/\/chakrashop.ro\/product\/5483\/"},"modified":"2022-03-04T18:03:41","modified_gmt":"2022-03-04T16:03:41","slug":"gong-30cm","status":"publish","type":"product","link":"https:\/\/chakrashop.ro\/hu\/product\/gong-30cm\/","title":{"rendered":"Gong 30cm"},"content":{"rendered":"","protected":false},"excerpt":{"rendered":"<p>Gong 30<br \/>Diametru : 30 cm<br \/>Greutate : 1 kg<br \/>Lucrat manual<br \/>Pre\u021bul include ciocan.<br \/>Gong-urile au fost create ini\u021bial \u00een Annam, Birmania, China \u0219i Java. A face gonguri a fost un comer\u021b exclusiv transmis de familii. Se spune c\u0103 gongul este unul dintre cele mai vechi instrumente, dat\u00e2nd din cel pu\u021bin 2000 \u00ee.e.n.<br \/>O medita\u021bie gong, sau o baie de gong, este o tehnic\u0103 de relaxare \u00een care gongul este jucat \u00een timp ce participan\u021bii se \u00eentind pe podea \u0219i experimenteaz\u0103 vibra\u021biile gongului. Se spune c\u0103 medita\u021bia Gong reduce tensiunea, stimuleaz\u0103 circula\u021bia \u0219i \u00eenl\u0103tur\u0103 frica.<br \/>\u00cen trecut, gongul era folosit pentru a-l elibera de frica de moarte, pentru a da putere intui\u021biei, pentru a renova celulele corpului. Misticii antici credeau c\u0103 putem transmite energia vie\u021bii universale c\u0103tre orice loc din Univers prin sunetul gong-ului.<br \/>Medita\u021bia asupra sunetului este o cale universal\u0103 c\u0103tre auto-realizare, accesibil\u0103 tuturor \u0219i care poate fi o aplica\u021bie<\/p>","protected":false},"featured_media":5917,"comment_status":"closed","ping_status":"closed","template":"","meta":[],"product_cat":[74],"product_tag":[],"_links":{"self":[{"href":"https:\/\/chakrashop.ro\/hu\/wp-json\/wp\/v2\/product\/5483"}],"collection":[{"href":"https:\/\/chakrashop.ro\/hu\/wp-json\/wp\/v2\/product"}],"about":[{"href":"https:\/\/chakrashop.ro\/hu\/wp-json\/wp\/v2\/types\/product"}],"replies":[{"embeddable":true,"href":"https:\/\/chakrashop.ro\/hu\/wp-json\/wp\/v2\/comments?post=5483"}],"wp:featuredmedia":[{"embeddable":true,"href":"https:\/\/chakrashop.ro\/hu\/wp-json\/wp\/v2\/media\/5917"}],"wp:attachment":[{"href":"https:\/\/chakrashop.ro\/hu\/wp-json\/wp\/v2\/media?parent=5483"}],"wp:term":[{"taxonomy":"product_cat","embeddable":true,"href":"https:\/\/chakrashop.ro\/hu\/wp-json\/wp\/v2\/product_cat?post=5483"},{"taxonomy":"product_tag","embeddable":true,"href":"https:\/\/chakrashop.ro\/hu\/wp-json\/wp\/v2\/product_tag?post=5483"}],"curies":[{"name":"wp","href":"https:\/\/api.w.org\/{rel}","templated":true}]}}