{"id":5488,"date":"2021-07-29T14:00:59","date_gmt":"2021-07-29T11:00:59","guid":{"rendered":"https:\/\/chakrashop.ro\/product\/5488\/"},"modified":"2022-09-26T10:49:44","modified_gmt":"2022-09-26T07:49:44","slug":"bol-tibetan-12cm","status":"publish","type":"product","link":"https:\/\/chakrashop.ro\/hu\/product\/bol-tibetan-12cm\/","title":{"rendered":"Bol Tibetan 12cm"},"content":{"rendered":"","protected":false},"excerpt":{"rendered":"<p>Bol Tibetan Sculptat manual<br \/>Diametru : 12 cm<br \/>Greutate : 400 &#8211; 450 gr<br \/>Material : Ag, Ni, Cd, Ru, Pd, Pt, Cr, Mn<br \/>Pre\u021bul include perna si ciocanul<br \/>Bol tibetan original, lucrat manual, din Nepal, cu o form\u0103 l\u0103rgit\u0103 \u0219i un sunet foarte special, de lung\u0103 durat\u0103.<br \/>Medita\u021bia asupra sunetului este o cale universal\u0103 c\u0103tre realizarea de sine, accesibil\u0103 tuturor \u0219i poate fi aplicat\u0103 de oameni de orice religie sau orientare spiritual\u0103.<br \/>Note: Fiecare bol este unic, designul \/ culoarea pot diferi oarecum de fotografia afi\u0219at\u0103. Ele sunt fabricate manual \u0219i astfel diametrul poate varia.<br \/>Pute\u021bi comanda boluri Tibetene de la compania noastr\u0103 \u00een orice dimensiune sau greutate. Va rug\u0103m s\u0103 ne contacta\u021bi.<\/p>","protected":false},"featured_media":5922,"comment_status":"closed","ping_status":"closed","template":"","meta":[],"product_cat":[74],"product_tag":[],"_links":{"self":[{"href":"https:\/\/chakrashop.ro\/hu\/wp-json\/wp\/v2\/product\/5488"}],"collection":[{"href":"https:\/\/chakrashop.ro\/hu\/wp-json\/wp\/v2\/product"}],"about":[{"href":"https:\/\/chakrashop.ro\/hu\/wp-json\/wp\/v2\/types\/product"}],"replies":[{"embeddable":true,"href":"https:\/\/chakrashop.ro\/hu\/wp-json\/wp\/v2\/comments?post=5488"}],"wp:featuredmedia":[{"embeddable":true,"href":"https:\/\/chakrashop.ro\/hu\/wp-json\/wp\/v2\/media\/5922"}],"wp:attachment":[{"href":"https:\/\/chakrashop.ro\/hu\/wp-json\/wp\/v2\/media?parent=5488"}],"wp:term":[{"taxonomy":"product_cat","embeddable":true,"href":"https:\/\/chakrashop.ro\/hu\/wp-json\/wp\/v2\/product_cat?post=5488"},{"taxonomy":"product_tag","embeddable":true,"href":"https:\/\/chakrashop.ro\/hu\/wp-json\/wp\/v2\/product_tag?post=5488"}],"curies":[{"name":"wp","href":"https:\/\/api.w.org\/{rel}","templated":true}]}}