{"id":5495,"date":"2021-07-29T14:01:05","date_gmt":"2021-07-29T11:01:05","guid":{"rendered":"https:\/\/chakrashop.ro\/product\/5495\/"},"modified":"2022-09-26T10:47:01","modified_gmt":"2022-09-26T07:47:01","slug":"bol-tibetan-black-gold-10cm","status":"publish","type":"product","link":"https:\/\/chakrashop.ro\/hu\/product\/bol-tibetan-black-gold-10cm\/","title":{"rendered":"Bol Tibetan Black Gold 10cm"},"content":{"rendered":"","protected":false},"excerpt":{"rendered":"<p>Bol Tibetan Sculptat manual<br \/>Diametru : 10 cm<br \/>Greutate : 250 &#8211; 300g<br \/>Material : Ag, Ni, Cd, Ru, Pd, Pt, Cr, Mn<br \/>Pre\u021bul include perna si ciocanul<br \/>Bol Tibetan realizat manual din cupru, tabl\u0103 \u0219i 8 metale nobile.<br \/>Foarte frumos. Interiorul auriu, exteriorul negru cu marginea superioar\u0103 lustruit\u0103.<br \/>Medita\u021bia asupra sunetului este o cale universal\u0103 c\u0103tre realizarea de sine, accesibil\u0103 tuturor \u0219i poate fi aplicat\u0103 de oameni de orice religie sau orientare spiritual\u0103.<br \/>Note : Fiecare bol este unic, designul \/ culoarea pot fi pu\u021bin diferite de fotografia afi\u0219at\u0103. Ele sunt fabricate manual \u0219i astfel diametrul poate varia.<br \/>Pute\u021bi comanda boluri Tibetene de la compania noastr\u0103 \u00een orice dimensiune sau greutate. V\u0103 rug\u0103m s\u0103 ne contacta\u021bi.<\/p>","protected":false},"featured_media":3200,"comment_status":"closed","ping_status":"closed","template":"","meta":[],"product_cat":[74],"product_tag":[],"_links":{"self":[{"href":"https:\/\/chakrashop.ro\/hu\/wp-json\/wp\/v2\/product\/5495"}],"collection":[{"href":"https:\/\/chakrashop.ro\/hu\/wp-json\/wp\/v2\/product"}],"about":[{"href":"https:\/\/chakrashop.ro\/hu\/wp-json\/wp\/v2\/types\/product"}],"replies":[{"embeddable":true,"href":"https:\/\/chakrashop.ro\/hu\/wp-json\/wp\/v2\/comments?post=5495"}],"wp:featuredmedia":[{"embeddable":true,"href":"https:\/\/chakrashop.ro\/hu\/wp-json\/wp\/v2\/media\/3200"}],"wp:attachment":[{"href":"https:\/\/chakrashop.ro\/hu\/wp-json\/wp\/v2\/media?parent=5495"}],"wp:term":[{"taxonomy":"product_cat","embeddable":true,"href":"https:\/\/chakrashop.ro\/hu\/wp-json\/wp\/v2\/product_cat?post=5495"},{"taxonomy":"product_tag","embeddable":true,"href":"https:\/\/chakrashop.ro\/hu\/wp-json\/wp\/v2\/product_tag?post=5495"}],"curies":[{"name":"wp","href":"https:\/\/api.w.org\/{rel}","templated":true}]}}