{"id":5496,"date":"2021-07-29T14:01:06","date_gmt":"2021-07-29T11:01:06","guid":{"rendered":"https:\/\/chakrashop.ro\/product\/5496\/"},"modified":"2022-03-04T18:00:57","modified_gmt":"2022-03-04T16:00:57","slug":"bol-tibetan-black-gold-12cm","status":"publish","type":"product","link":"https:\/\/chakrashop.ro\/hu\/product\/bol-tibetan-black-gold-12cm\/","title":{"rendered":"Bol Tibetan Black Gold 12cm"},"content":{"rendered":"","protected":false},"excerpt":{"rendered":"<p>Bol Tibetan Sculptat manual<br \/>\nDiametru : 12 cm<br \/>\nGreutate : 375 &#8211; 475g<br \/>\nMaterial : Ag, Ni, Cd, Ru, Pd, Pt, Cr, Mn<br \/>\nPre\u021bul include perna si ciocanul<br \/>\nBol Tibetan realizat manual din cupru, tabl\u0103 \u0219i 8 metale nobile.<br \/>\nFoarte frumos. Interiorul auriu, exteriorul negru cu marginea superioar\u0103 lustruit\u0103.<br \/>\nMedita\u021bia asupra sunetului este o cale universal\u0103 c\u0103tre realizarea de sine, accesibil\u0103 tuturor \u0219i poate fi aplicat\u0103 de oameni de orice religie sau orientare spiritual\u0103.<br \/>\nNote : Fiecare bol este unic, designul \/ culoarea pot fi pu\u021bin diferite de fotografia afi\u0219at\u0103. Ele sunt fabricate manual \u0219i astfel diametrul poate varia.<br \/>\nPute\u021bi comanda boluri Tibetene de la compania noastr\u0103 \u00een orice dimensiune sau greutate. V\u0103 rug\u0103m s\u0103 ne contacta\u021bi.<\/p>","protected":false},"featured_media":3201,"comment_status":"closed","ping_status":"closed","template":"","meta":[],"product_cat":[74],"product_tag":[],"_links":{"self":[{"href":"https:\/\/chakrashop.ro\/hu\/wp-json\/wp\/v2\/product\/5496"}],"collection":[{"href":"https:\/\/chakrashop.ro\/hu\/wp-json\/wp\/v2\/product"}],"about":[{"href":"https:\/\/chakrashop.ro\/hu\/wp-json\/wp\/v2\/types\/product"}],"replies":[{"embeddable":true,"href":"https:\/\/chakrashop.ro\/hu\/wp-json\/wp\/v2\/comments?post=5496"}],"wp:featuredmedia":[{"embeddable":true,"href":"https:\/\/chakrashop.ro\/hu\/wp-json\/wp\/v2\/media\/3201"}],"wp:attachment":[{"href":"https:\/\/chakrashop.ro\/hu\/wp-json\/wp\/v2\/media?parent=5496"}],"wp:term":[{"taxonomy":"product_cat","embeddable":true,"href":"https:\/\/chakrashop.ro\/hu\/wp-json\/wp\/v2\/product_cat?post=5496"},{"taxonomy":"product_tag","embeddable":true,"href":"https:\/\/chakrashop.ro\/hu\/wp-json\/wp\/v2\/product_tag?post=5496"}],"curies":[{"name":"wp","href":"https:\/\/api.w.org\/{rel}","templated":true}]}}