{"id":5503,"date":"2021-07-29T14:01:10","date_gmt":"2021-07-29T11:01:10","guid":{"rendered":"https:\/\/chakrashop.ro\/product\/5503\/"},"modified":"2022-03-04T17:58:11","modified_gmt":"2022-03-04T15:58:11","slug":"bol-tibetan-bronze-colour-20cm","status":"publish","type":"product","link":"https:\/\/chakrashop.ro\/hu\/product\/bol-tibetan-bronze-colour-20cm\/","title":{"rendered":"Bol Tibetan Bronze Colour 20cm"},"content":{"rendered":"","protected":false},"excerpt":{"rendered":"<p>Bol Tibetan Sculptat manual<br \/>Diametru : 20 cm<br \/>Greutate : 1050 &#8211; 1150g<br \/>Material : Ag, Ni, Cd, Ru, Pd, Pt, Cr, Mn<br \/>Pre\u021bul include perna si ciocanul<br \/>Bol Tibetan realizat manual, cu un sunet foarte pur, care con\u021bine multe tonuri &#8211; culoare bronz \u00een interior,  \u00eentunecat \u00een exterior.<br \/>Fabricat din cupru, staniu \u0219i 8 metale nobile.<br \/>Medita\u021bia asupra sunetului este o cale universal\u0103 c\u0103tre realizarea de sine, accesibil\u0103 tuturor \u0219i poate fi aplicat\u0103 de oameni de orice religie sau orientare spiritual\u0103.<br \/>Note : Fiecare bol este unic, designul \/ culoarea pot fi pu\u021bin diferite de fotografia afi\u0219at\u0103. Ele sunt fabricate manual \u0219i astfel diametrul poate varia.<br \/>Pute\u021bi comanda boluri Tibetene de la compania noastr\u0103 \u00een orice dimensiune sau greutate. V\u0103 rug\u0103m s\u0103 ne contacta\u021bi.<\/p>","protected":false},"featured_media":3197,"comment_status":"closed","ping_status":"closed","template":"","meta":[],"product_cat":[74],"product_tag":[],"_links":{"self":[{"href":"https:\/\/chakrashop.ro\/hu\/wp-json\/wp\/v2\/product\/5503"}],"collection":[{"href":"https:\/\/chakrashop.ro\/hu\/wp-json\/wp\/v2\/product"}],"about":[{"href":"https:\/\/chakrashop.ro\/hu\/wp-json\/wp\/v2\/types\/product"}],"replies":[{"embeddable":true,"href":"https:\/\/chakrashop.ro\/hu\/wp-json\/wp\/v2\/comments?post=5503"}],"wp:featuredmedia":[{"embeddable":true,"href":"https:\/\/chakrashop.ro\/hu\/wp-json\/wp\/v2\/media\/3197"}],"wp:attachment":[{"href":"https:\/\/chakrashop.ro\/hu\/wp-json\/wp\/v2\/media?parent=5503"}],"wp:term":[{"taxonomy":"product_cat","embeddable":true,"href":"https:\/\/chakrashop.ro\/hu\/wp-json\/wp\/v2\/product_cat?post=5503"},{"taxonomy":"product_tag","embeddable":true,"href":"https:\/\/chakrashop.ro\/hu\/wp-json\/wp\/v2\/product_tag?post=5503"}],"curies":[{"name":"wp","href":"https:\/\/api.w.org\/{rel}","templated":true}]}}