{"id":5523,"date":"2021-07-29T14:01:31","date_gmt":"2021-07-29T11:01:31","guid":{"rendered":"https:\/\/chakrashop.ro\/product\/5523\/"},"modified":"2021-07-29T14:01:31","modified_gmt":"2021-07-29T11:01:31","slug":"perna-bol-tibetan-18","status":"publish","type":"product","link":"https:\/\/chakrashop.ro\/hu\/product\/perna-bol-tibetan-18\/","title":{"rendered":"Pern\u0103 Bol Tibetan 18"},"content":{"rendered":"","protected":false},"excerpt":{"rendered":"<p>Pern\u0103 pentru bol Tibetan 18cm<br \/>Finisaj excep\u021bional \u0219i atr\u0103g\u0103tor pentru ochi ; o pern\u0103 minunat\u0103 de sus\u021binere pentru boluri mici.<br \/>Dimensiune : 180 x 180 x 50 mm<br \/>Cu capac din poliester \u0219i umplutur\u0103 din bumbac.<br \/>Note : Culoarea poate varia.<\/p>","protected":false},"featured_media":5948,"comment_status":"closed","ping_status":"open","template":"","meta":[],"product_cat":[74],"product_tag":[],"_links":{"self":[{"href":"https:\/\/chakrashop.ro\/hu\/wp-json\/wp\/v2\/product\/5523"}],"collection":[{"href":"https:\/\/chakrashop.ro\/hu\/wp-json\/wp\/v2\/product"}],"about":[{"href":"https:\/\/chakrashop.ro\/hu\/wp-json\/wp\/v2\/types\/product"}],"replies":[{"embeddable":true,"href":"https:\/\/chakrashop.ro\/hu\/wp-json\/wp\/v2\/comments?post=5523"}],"wp:featuredmedia":[{"embeddable":true,"href":"https:\/\/chakrashop.ro\/hu\/wp-json\/wp\/v2\/media\/5948"}],"wp:attachment":[{"href":"https:\/\/chakrashop.ro\/hu\/wp-json\/wp\/v2\/media?parent=5523"}],"wp:term":[{"taxonomy":"product_cat","embeddable":true,"href":"https:\/\/chakrashop.ro\/hu\/wp-json\/wp\/v2\/product_cat?post=5523"},{"taxonomy":"product_tag","embeddable":true,"href":"https:\/\/chakrashop.ro\/hu\/wp-json\/wp\/v2\/product_tag?post=5523"}],"curies":[{"name":"wp","href":"https:\/\/api.w.org\/{rel}","templated":true}]}}