{"id":5529,"date":"2021-07-29T14:01:36","date_gmt":"2021-07-29T11:01:36","guid":{"rendered":"https:\/\/chakrashop.ro\/product\/5529\/"},"modified":"2021-07-29T14:01:36","modified_gmt":"2021-07-29T11:01:36","slug":"chakra-banner","status":"publish","type":"product","link":"https:\/\/chakrashop.ro\/hu\/product\/chakra-banner\/","title":{"rendered":"Chakra Banner"},"content":{"rendered":"","protected":false},"excerpt":{"rendered":"<p>Banner Chakra cu 7 Chakre<br \/>Material : poliester<br \/>Dimensiune \u00een cm : 15 x 60<br \/>Acest banner Chakra este frumos \u0219i moale, imprimat \u00een culori vii pe poliester pur \u0219i moale. \u021aes\u0103tura arat\u0103 ca m\u0103tasea, dar este mai durabil\u0103 \u0219i potrivit\u0103 pentru uz interior \u0219i exterior. Are un st\u00e2lp decorativ din lemn \u00een partea de sus \u0219i de jos \u0219i un \u0219nur pentru a-l ag\u0103\u021ba u\u0219or.\/><\/p>","protected":false},"featured_media":5951,"comment_status":"closed","ping_status":"open","template":"","meta":[],"product_cat":[75],"product_tag":[],"_links":{"self":[{"href":"https:\/\/chakrashop.ro\/hu\/wp-json\/wp\/v2\/product\/5529"}],"collection":[{"href":"https:\/\/chakrashop.ro\/hu\/wp-json\/wp\/v2\/product"}],"about":[{"href":"https:\/\/chakrashop.ro\/hu\/wp-json\/wp\/v2\/types\/product"}],"replies":[{"embeddable":true,"href":"https:\/\/chakrashop.ro\/hu\/wp-json\/wp\/v2\/comments?post=5529"}],"wp:featuredmedia":[{"embeddable":true,"href":"https:\/\/chakrashop.ro\/hu\/wp-json\/wp\/v2\/media\/5951"}],"wp:attachment":[{"href":"https:\/\/chakrashop.ro\/hu\/wp-json\/wp\/v2\/media?parent=5529"}],"wp:term":[{"taxonomy":"product_cat","embeddable":true,"href":"https:\/\/chakrashop.ro\/hu\/wp-json\/wp\/v2\/product_cat?post=5529"},{"taxonomy":"product_tag","embeddable":true,"href":"https:\/\/chakrashop.ro\/hu\/wp-json\/wp\/v2\/product_tag?post=5529"}],"curies":[{"name":"wp","href":"https:\/\/api.w.org\/{rel}","templated":true}]}}