{"id":5532,"date":"2021-07-29T14:01:39","date_gmt":"2021-07-29T11:01:39","guid":{"rendered":"https:\/\/chakrashop.ro\/product\/5532\/"},"modified":"2022-09-26T10:42:22","modified_gmt":"2022-09-26T07:42:22","slug":"buddha-statuie-22cm","status":"publish","type":"product","link":"https:\/\/chakrashop.ro\/hu\/product\/buddha-statuie-22cm\/","title":{"rendered":"Buddha Statuie 22cm"},"content":{"rendered":"","protected":false},"excerpt":{"rendered":"<p>Statuia lui Buddha<br \/>Material : Polyresin<br \/>Dimensiune \u00een cm : 22<br \/>Buddha \u00een stil thailandez cu aspect vintage \u0219i mudra medita\u021biei (gestul m\u00e2inii).<br \/>\u00cembr\u0103c\u0103minte cu modele de lotus.<\/p>","protected":false},"featured_media":5953,"comment_status":"closed","ping_status":"closed","template":"","meta":[],"product_cat":[75],"product_tag":[],"_links":{"self":[{"href":"https:\/\/chakrashop.ro\/hu\/wp-json\/wp\/v2\/product\/5532"}],"collection":[{"href":"https:\/\/chakrashop.ro\/hu\/wp-json\/wp\/v2\/product"}],"about":[{"href":"https:\/\/chakrashop.ro\/hu\/wp-json\/wp\/v2\/types\/product"}],"replies":[{"embeddable":true,"href":"https:\/\/chakrashop.ro\/hu\/wp-json\/wp\/v2\/comments?post=5532"}],"wp:featuredmedia":[{"embeddable":true,"href":"https:\/\/chakrashop.ro\/hu\/wp-json\/wp\/v2\/media\/5953"}],"wp:attachment":[{"href":"https:\/\/chakrashop.ro\/hu\/wp-json\/wp\/v2\/media?parent=5532"}],"wp:term":[{"taxonomy":"product_cat","embeddable":true,"href":"https:\/\/chakrashop.ro\/hu\/wp-json\/wp\/v2\/product_cat?post=5532"},{"taxonomy":"product_tag","embeddable":true,"href":"https:\/\/chakrashop.ro\/hu\/wp-json\/wp\/v2\/product_tag?post=5532"}],"curies":[{"name":"wp","href":"https:\/\/api.w.org\/{rel}","templated":true}]}}