{"id":5534,"date":"2021-07-29T14:01:40","date_gmt":"2021-07-29T11:01:40","guid":{"rendered":"https:\/\/chakrashop.ro\/product\/5534\/"},"modified":"2023-09-19T14:22:02","modified_gmt":"2023-09-19T11:22:02","slug":"buddha-statuie-120cm","status":"publish","type":"product","link":"https:\/\/chakrashop.ro\/hu\/product\/buddha-statuie-120cm\/","title":{"rendered":"Buddha Statuie 120cm"},"content":{"rendered":"","protected":false},"excerpt":{"rendered":"<p>Statuia lui Buddha XXL<br \/>Material : poliresin\u0103 \u0219i fibr\u0103 de sticl\u0103<br \/>Dimensiune \u00een cm : 120<br \/>Acest Buddha arat\u0103 mudra m\u00e2inii, a pred\u0103rii \u0219i comunic\u0103rii cuno\u0219tin\u021belor (Vitarkamudra). Aceasta este pozi\u021bia de ra\u021bionament, predare \u0219i discu\u021bie. De obicei, aceast\u0103 postur\u0103 este prezentat\u0103 la imaginile lui Buddha istoric \u00een tot felul de peisaje atunci c\u00e2nd predic\u0103.<br \/>\u00cen multe case, \u00een zilele noastre se g\u0103se\u0219te o zon\u0103 special\u0103 de medita\u021bie, cu o statuie a lui Buddha, flori, lum\u00e2n\u0103ri, parfumuri \u0219i imagini ale celor apropia\u021bi. Este un loc \u00een care putem ajunge s\u0103 ne amintim cine suntem cu adev\u0103rat \u0219i s\u0103 medit\u0103m.<\/p>","protected":false},"featured_media":5955,"comment_status":"closed","ping_status":"closed","template":"","meta":[],"product_cat":[75],"product_tag":[],"_links":{"self":[{"href":"https:\/\/chakrashop.ro\/hu\/wp-json\/wp\/v2\/product\/5534"}],"collection":[{"href":"https:\/\/chakrashop.ro\/hu\/wp-json\/wp\/v2\/product"}],"about":[{"href":"https:\/\/chakrashop.ro\/hu\/wp-json\/wp\/v2\/types\/product"}],"replies":[{"embeddable":true,"href":"https:\/\/chakrashop.ro\/hu\/wp-json\/wp\/v2\/comments?post=5534"}],"wp:featuredmedia":[{"embeddable":true,"href":"https:\/\/chakrashop.ro\/hu\/wp-json\/wp\/v2\/media\/5955"}],"wp:attachment":[{"href":"https:\/\/chakrashop.ro\/hu\/wp-json\/wp\/v2\/media?parent=5534"}],"wp:term":[{"taxonomy":"product_cat","embeddable":true,"href":"https:\/\/chakrashop.ro\/hu\/wp-json\/wp\/v2\/product_cat?post=5534"},{"taxonomy":"product_tag","embeddable":true,"href":"https:\/\/chakrashop.ro\/hu\/wp-json\/wp\/v2\/product_tag?post=5534"}],"curies":[{"name":"wp","href":"https:\/\/api.w.org\/{rel}","templated":true}]}}