{"id":5544,"date":"2021-07-29T14:01:50","date_gmt":"2021-07-29T11:01:50","guid":{"rendered":"https:\/\/chakrashop.ro\/product\/5544\/"},"modified":"2022-09-26T14:14:03","modified_gmt":"2022-09-26T11:14:03","slug":"set-rune-lemn","status":"publish","type":"product","link":"https:\/\/chakrashop.ro\/hu\/product\/set-rune-lemn\/","title":{"rendered":"Set Rune Ametist"},"content":{"rendered":"","protected":false},"excerpt":{"rendered":"<p>Set Rune din Ametist natural.<br \/>\nDimensiune: 10 &#8211; 20 mm\/buc<br \/>\nCantitate pe sac : 1 set (25 buc)<br \/>\nPietrele runice provin de la poporul germanic, care tr\u0103ia \u00een zonele nord-europene \u0219i scandinave \u00een acele vremuri. Runele erau sistemul lor de comunicare cu zeii \u0219i de a face predic\u021bii despre viitor.<br \/>\nFiecare piatr\u0103 runic\u0103 este \u00eenscris\u0103 cu un simbol care de\u021bine un sens special. Se spune c\u0103 canalizeaz\u0103 \u00een\u021belepciunea sacr\u0103 a zeilor nordici. Rune \u00een zilele noastre sunt folosite ca instrument pentru ghicire, la fel ca c\u0103r\u021bile de tarot sau \u00eenger.<\/p>","protected":false},"featured_media":6286,"comment_status":"closed","ping_status":"closed","template":"","meta":[],"product_cat":[75],"product_tag":[],"_links":{"self":[{"href":"https:\/\/chakrashop.ro\/hu\/wp-json\/wp\/v2\/product\/5544"}],"collection":[{"href":"https:\/\/chakrashop.ro\/hu\/wp-json\/wp\/v2\/product"}],"about":[{"href":"https:\/\/chakrashop.ro\/hu\/wp-json\/wp\/v2\/types\/product"}],"replies":[{"embeddable":true,"href":"https:\/\/chakrashop.ro\/hu\/wp-json\/wp\/v2\/comments?post=5544"}],"wp:featuredmedia":[{"embeddable":true,"href":"https:\/\/chakrashop.ro\/hu\/wp-json\/wp\/v2\/media\/6286"}],"wp:attachment":[{"href":"https:\/\/chakrashop.ro\/hu\/wp-json\/wp\/v2\/media?parent=5544"}],"wp:term":[{"taxonomy":"product_cat","embeddable":true,"href":"https:\/\/chakrashop.ro\/hu\/wp-json\/wp\/v2\/product_cat?post=5544"},{"taxonomy":"product_tag","embeddable":true,"href":"https:\/\/chakrashop.ro\/hu\/wp-json\/wp\/v2\/product_tag?post=5544"}],"curies":[{"name":"wp","href":"https:\/\/api.w.org\/{rel}","templated":true}]}}